{"id":4421,"date":"2022-04-11T11:27:13","date_gmt":"2022-04-11T09:27:13","guid":{"rendered":"https:\/\/www.arkegypt.com\/?post_type=product&#038;p=4421"},"modified":"2022-07-02T11:14:31","modified_gmt":"2022-07-02T09:14:31","slug":"libro-de-mesa","status":"publish","type":"product","link":"https:\/\/www.arkegypt.com\/es\/product\/libro-de-mesa\/","title":{"rendered":"Libro de mesa"},"content":{"rendered":"","protected":false},"excerpt":{"rendered":"<p>\u2013 Mesa en forma de libro con un gran caj\u00f3n<br \/>\n-Fabricado por los artesanos m\u00e1s expertos en la industria artesanal.<br \/>\n-Este elemento est\u00e1 inspirado en los palacios franceses y el arte franc\u00e9s antiguo cl\u00e1sico.<br \/>\n\u2013 Este producto es un dise\u00f1o especial inspirado en el arte y la antig\u00fcedad francesa<br \/>\n\u2013 Estructura de madera natural con el a\u00f1adido de todo el trabajo de grabado en resina del material de madera y pinturas respetuosas con el medio ambiente<\/p>\n<blockquote><p><em><strong>Libro de mesa<\/strong><\/em><\/p><\/blockquote>\n","protected":false},"featured_media":4412,"comment_status":"open","ping_status":"closed","template":"","meta":{"_mi_skip_tracking":false},"product_cat":[172],"product_tag":[],"class_list":["post-4421","product","type-product","status-publish","has-post-thumbnail","hentry","product_cat-sin-categorizar"],"_links":{"self":[{"href":"https:\/\/www.arkegypt.com\/es\/wp-json\/wp\/v2\/product\/4421","targetHints":{"allow":["GET"]}}],"collection":[{"href":"https:\/\/www.arkegypt.com\/es\/wp-json\/wp\/v2\/product"}],"about":[{"href":"https:\/\/www.arkegypt.com\/es\/wp-json\/wp\/v2\/types\/product"}],"replies":[{"embeddable":true,"href":"https:\/\/www.arkegypt.com\/es\/wp-json\/wp\/v2\/comments?post=4421"}],"wp:featuredmedia":[{"embeddable":true,"href":"https:\/\/www.arkegypt.com\/es\/wp-json\/wp\/v2\/media\/4412"}],"wp:attachment":[{"href":"https:\/\/www.arkegypt.com\/es\/wp-json\/wp\/v2\/media?parent=4421"}],"wp:term":[{"taxonomy":"product_cat","embeddable":true,"href":"https:\/\/www.arkegypt.com\/es\/wp-json\/wp\/v2\/product_cat?post=4421"},{"taxonomy":"product_tag","embeddable":true,"href":"https:\/\/www.arkegypt.com\/es\/wp-json\/wp\/v2\/product_tag?post=4421"}],"curies":[{"name":"wp","href":"https:\/\/api.w.org\/{rel}","templated":true}]}}