{"id":4431,"date":"2022-04-11T11:36:56","date_gmt":"2022-04-11T09:36:56","guid":{"rendered":"https:\/\/www.arkegypt.com\/product\/buffett-water-fountain-mirror-and-cupboard-italian-style\/"},"modified":"2022-07-02T11:09:57","modified_gmt":"2022-07-02T09:09:57","slug":"buffet-fuente-de-agua-espejo-y-armario-estilo-italiano","status":"publish","type":"product","link":"https:\/\/www.arkegypt.com\/es\/product\/buffet-fuente-de-agua-espejo-y-armario-estilo-italiano\/","title":{"rendered":"Buffet, Fuente de agua, Espejo y Armario estilo italiano"},"content":{"rendered":"","protected":false},"excerpt":{"rendered":"<p>&#8211; Fabricado por los artesanos m\u00e1s expertos en la industria artesanal<br \/>\n&#8211; Este elemento est\u00e1 inspirado en los palacios franceses y el arte cl\u00e1sico italiano antiguo<br \/>\n\u2013 Este producto es un dise\u00f1o especial inspirado en el arte franc\u00e9s y la antig\u00fcedad<br \/>\n&#8211; Estructura de madera natural con la adici\u00f3n de todo el trabajo de grabado en la resina de material de madera y pinturas ecol\u00f3gicas<\/p>\n<blockquote><p><em><strong>Buffet, Fuente de agua, Espejo y Armario estilo italiano<\/strong><\/em><\/p><\/blockquote>\n","protected":false},"featured_media":4408,"comment_status":"open","ping_status":"closed","template":"","meta":{"_mi_skip_tracking":false},"product_cat":[172],"product_tag":[],"class_list":["post-4431","product","type-product","status-publish","has-post-thumbnail","hentry","product_cat-sin-categorizar"],"_links":{"self":[{"href":"https:\/\/www.arkegypt.com\/es\/wp-json\/wp\/v2\/product\/4431","targetHints":{"allow":["GET"]}}],"collection":[{"href":"https:\/\/www.arkegypt.com\/es\/wp-json\/wp\/v2\/product"}],"about":[{"href":"https:\/\/www.arkegypt.com\/es\/wp-json\/wp\/v2\/types\/product"}],"replies":[{"embeddable":true,"href":"https:\/\/www.arkegypt.com\/es\/wp-json\/wp\/v2\/comments?post=4431"}],"wp:featuredmedia":[{"embeddable":true,"href":"https:\/\/www.arkegypt.com\/es\/wp-json\/wp\/v2\/media\/4408"}],"wp:attachment":[{"href":"https:\/\/www.arkegypt.com\/es\/wp-json\/wp\/v2\/media?parent=4431"}],"wp:term":[{"taxonomy":"product_cat","embeddable":true,"href":"https:\/\/www.arkegypt.com\/es\/wp-json\/wp\/v2\/product_cat?post=4431"},{"taxonomy":"product_tag","embeddable":true,"href":"https:\/\/www.arkegypt.com\/es\/wp-json\/wp\/v2\/product_tag?post=4431"}],"curies":[{"name":"wp","href":"https:\/\/api.w.org\/{rel}","templated":true}]}}