{"id":4437,"date":"2022-04-11T11:18:56","date_gmt":"2022-04-11T09:18:56","guid":{"rendered":"https:\/\/www.arkegypt.com\/?post_type=product&#038;p=4437"},"modified":"2022-06-28T16:27:00","modified_gmt":"2022-06-28T14:27:00","slug":"bela-miza","status":"publish","type":"product","link":"https:\/\/www.arkegypt.com\/es\/product\/bela-miza\/","title":{"rendered":"Bela miza"},"content":{"rendered":"","protected":false},"excerpt":{"rendered":"<p>&#8211; La mesa blanca tiene una gran caja fuerte multiusos<br \/>\n&#8211; Fabricado por los artesanos m\u00e1s expertos en la industria artesanal<br \/>\n&#8211; Este elemento est\u00e1 inspirado en los palacios franceses y el arte cl\u00e1sico franc\u00e9s antiguo<br \/>\n\u2013 Este producto es un dise\u00f1o especial inspirado en el arte franc\u00e9s y la antig\u00fcedad<br \/>\n&#8211; Estructura de madera natural con la adici\u00f3n de todo el trabajo de grabado en la resina de material de madera y pinturas ecol\u00f3gicas<\/p>\n","protected":false},"featured_media":4450,"comment_status":"open","ping_status":"closed","template":"","meta":{"_mi_skip_tracking":false},"product_cat":[166],"product_tag":[],"class_list":["post-4437","product","type-product","status-publish","has-post-thumbnail","hentry","product_cat-pintado-a-mano"],"_links":{"self":[{"href":"https:\/\/www.arkegypt.com\/es\/wp-json\/wp\/v2\/product\/4437","targetHints":{"allow":["GET"]}}],"collection":[{"href":"https:\/\/www.arkegypt.com\/es\/wp-json\/wp\/v2\/product"}],"about":[{"href":"https:\/\/www.arkegypt.com\/es\/wp-json\/wp\/v2\/types\/product"}],"replies":[{"embeddable":true,"href":"https:\/\/www.arkegypt.com\/es\/wp-json\/wp\/v2\/comments?post=4437"}],"wp:featuredmedia":[{"embeddable":true,"href":"https:\/\/www.arkegypt.com\/es\/wp-json\/wp\/v2\/media\/4450"}],"wp:attachment":[{"href":"https:\/\/www.arkegypt.com\/es\/wp-json\/wp\/v2\/media?parent=4437"}],"wp:term":[{"taxonomy":"product_cat","embeddable":true,"href":"https:\/\/www.arkegypt.com\/es\/wp-json\/wp\/v2\/product_cat?post=4437"},{"taxonomy":"product_tag","embeddable":true,"href":"https:\/\/www.arkegypt.com\/es\/wp-json\/wp\/v2\/product_tag?post=4437"}],"curies":[{"name":"wp","href":"https:\/\/api.w.org\/{rel}","templated":true}]}}