{"id":4454,"date":"2022-04-11T10:54:12","date_gmt":"2022-04-11T08:54:12","guid":{"rendered":"https:\/\/www.arkegypt.com\/?post_type=product&#038;p=4454"},"modified":"2022-07-02T11:59:06","modified_gmt":"2022-07-02T09:59:06","slug":"tabla-dividida","status":"publish","type":"product","link":"https:\/\/www.arkegypt.com\/es\/product\/tabla-dividida\/","title":{"rendered":"Tabla dividida"},"content":{"rendered":"","protected":false},"excerpt":{"rendered":"<p>&#8211; Una mesa de forma \u00fanica con posibilidad de dividirla en todo momento, y aparece un caj\u00f3n cuando se divide<br \/>\nFabricado por los artesanos m\u00e1s expertos en la industria artesanal<br \/>\n&#8211; Este elemento est\u00e1 inspirado en los palacios franceses y en el antiguo arte cl\u00e1sico franc\u00e9s<br \/>\n\u2013 Este producto es un dise\u00f1o especial inspirado en el arte franc\u00e9s y la antig\u00fcedad<br \/>\n&#8211; Muchos agujeros y cajones de piedra<br \/>\n&#8211; Una gran pieza, muy sabrosa por lo que ahorra espacio<br \/>\n&#8211; Fabricado en madera natural y elaborado por uno de los m\u00e1s h\u00e1biles artesanos con incrustaciones de balsandar, Con la adici\u00f3n de pinturas naturales que resaltan la belleza del producto y la incrustaci\u00f3n de piezas de cobre especialmente dise\u00f1adas para ello<\/p>\n<blockquote><p><em><strong>Tabla dividida<\/strong><\/em><\/p><\/blockquote>\n","protected":false},"featured_media":4456,"comment_status":"open","ping_status":"closed","template":"","meta":{"_mi_skip_tracking":false},"product_cat":[171],"product_tag":[],"class_list":["post-4454","product","type-product","status-publish","has-post-thumbnail","hentry","product_cat-mesa"],"_links":{"self":[{"href":"https:\/\/www.arkegypt.com\/es\/wp-json\/wp\/v2\/product\/4454","targetHints":{"allow":["GET"]}}],"collection":[{"href":"https:\/\/www.arkegypt.com\/es\/wp-json\/wp\/v2\/product"}],"about":[{"href":"https:\/\/www.arkegypt.com\/es\/wp-json\/wp\/v2\/types\/product"}],"replies":[{"embeddable":true,"href":"https:\/\/www.arkegypt.com\/es\/wp-json\/wp\/v2\/comments?post=4454"}],"wp:featuredmedia":[{"embeddable":true,"href":"https:\/\/www.arkegypt.com\/es\/wp-json\/wp\/v2\/media\/4456"}],"wp:attachment":[{"href":"https:\/\/www.arkegypt.com\/es\/wp-json\/wp\/v2\/media?parent=4454"}],"wp:term":[{"taxonomy":"product_cat","embeddable":true,"href":"https:\/\/www.arkegypt.com\/es\/wp-json\/wp\/v2\/product_cat?post=4454"},{"taxonomy":"product_tag","embeddable":true,"href":"https:\/\/www.arkegypt.com\/es\/wp-json\/wp\/v2\/product_tag?post=4454"}],"curies":[{"name":"wp","href":"https:\/\/api.w.org\/{rel}","templated":true}]}}