{"id":4481,"date":"2022-04-11T10:44:55","date_gmt":"2022-04-11T08:44:55","guid":{"rendered":"https:\/\/www.arkegypt.com\/product\/crutch-secretary\/"},"modified":"2022-07-02T12:07:20","modified_gmt":"2022-07-02T10:07:20","slug":"secretaria-de-muletas","status":"publish","type":"product","link":"https:\/\/www.arkegypt.com\/es\/product\/secretaria-de-muletas\/","title":{"rendered":"Secretaria de muletas"},"content":{"rendered":"","protected":false},"excerpt":{"rendered":"<p>&#8211; Una secretaria con un cuerpo \u00fanico y de inspiraci\u00f3n francesa<br \/>\nFabricado por los artesanos m\u00e1s expertos en la industria artesanal<br \/>\n&#8211; Este elemento est\u00e1 inspirado en los palacios franceses y en el antiguo arte cl\u00e1sico franc\u00e9s<br \/>\n\u2013 Este producto es un dise\u00f1o especial inspirado en el arte franc\u00e9s y la antig\u00fcedad<br \/>\n&#8211; Muchos agujeros y cajones de piedra<br \/>\n&#8211; Una gran pieza, muy sabrosa por lo que ahorra espacio<br \/>\n&#8211; Hecho de madera natural y elaborado por uno de los artesanos m\u00e1s h\u00e1biles con incrustaciones de balsandar, lat\u00f3n dorado original e incrustaciones. Con la adici\u00f3n de pinturas naturales que resaltan la belleza del producto y la incrustaci\u00f3n de piezas de cobre especialmente dise\u00f1adas para ello<\/p>\n<blockquote><p><em><strong>Secretaria de muletas<\/strong><\/em><\/p><\/blockquote>\n","protected":false},"featured_media":4472,"comment_status":"open","ping_status":"closed","template":"","meta":{"_mi_skip_tracking":false},"product_cat":[170],"product_tag":[],"class_list":["post-4481","product","type-product","status-publish","has-post-thumbnail","hentry","product_cat-secretaria"],"_links":{"self":[{"href":"https:\/\/www.arkegypt.com\/es\/wp-json\/wp\/v2\/product\/4481","targetHints":{"allow":["GET"]}}],"collection":[{"href":"https:\/\/www.arkegypt.com\/es\/wp-json\/wp\/v2\/product"}],"about":[{"href":"https:\/\/www.arkegypt.com\/es\/wp-json\/wp\/v2\/types\/product"}],"replies":[{"embeddable":true,"href":"https:\/\/www.arkegypt.com\/es\/wp-json\/wp\/v2\/comments?post=4481"}],"wp:featuredmedia":[{"embeddable":true,"href":"https:\/\/www.arkegypt.com\/es\/wp-json\/wp\/v2\/media\/4472"}],"wp:attachment":[{"href":"https:\/\/www.arkegypt.com\/es\/wp-json\/wp\/v2\/media?parent=4481"}],"wp:term":[{"taxonomy":"product_cat","embeddable":true,"href":"https:\/\/www.arkegypt.com\/es\/wp-json\/wp\/v2\/product_cat?post=4481"},{"taxonomy":"product_tag","embeddable":true,"href":"https:\/\/www.arkegypt.com\/es\/wp-json\/wp\/v2\/product_tag?post=4481"}],"curies":[{"name":"wp","href":"https:\/\/api.w.org\/{rel}","templated":true}]}}