{"id":4493,"date":"2022-04-10T16:55:08","date_gmt":"2022-04-10T14:55:08","guid":{"rendered":"https:\/\/www.arkegypt.com\/?post_type=product&#038;p=4493"},"modified":"2022-07-02T14:20:57","modified_gmt":"2022-07-02T12:20:57","slug":"mesa-colorida","status":"publish","type":"product","link":"https:\/\/www.arkegypt.com\/es\/product\/mesa-colorida\/","title":{"rendered":"mesa colorida"},"content":{"rendered":"","protected":false},"excerpt":{"rendered":"<p>&#8211; Mesa de colores vivos y alegres con un cuadro de nuestro dise\u00f1o influenciado por la escuela de Leonardo da Vinci<br \/>\n&#8211; Fabricado por los artesanos m\u00e1s expertos en la industria artesanal<br \/>\n&#8211; Este elemento est\u00e1 inspirado en los palacios franceses y en el antiguo arte cl\u00e1sico italiano<br \/>\n\u2013 Este producto es un dise\u00f1o especial inspirado en el arte italiano y la antig\u00fcedad<br \/>\n&#8211; un mont\u00f3n de cub\u00edculos y cajones<br \/>\n&#8211; estructura de madera natural, con la adici\u00f3n de todos los trabajos de grabado en madera, material de resina y pintura al \u00f3leo con hermosos colores naturales y pinturas ecol\u00f3gicas<\/p>\n<blockquote><p><em><strong>mesa colorida<\/strong><\/em><\/p><\/blockquote>\n","protected":false},"featured_media":4486,"comment_status":"open","ping_status":"closed","template":"","meta":{"_mi_skip_tracking":false},"product_cat":[166],"product_tag":[],"class_list":["post-4493","product","type-product","status-publish","has-post-thumbnail","hentry","product_cat-pintado-a-mano"],"_links":{"self":[{"href":"https:\/\/www.arkegypt.com\/es\/wp-json\/wp\/v2\/product\/4493","targetHints":{"allow":["GET"]}}],"collection":[{"href":"https:\/\/www.arkegypt.com\/es\/wp-json\/wp\/v2\/product"}],"about":[{"href":"https:\/\/www.arkegypt.com\/es\/wp-json\/wp\/v2\/types\/product"}],"replies":[{"embeddable":true,"href":"https:\/\/www.arkegypt.com\/es\/wp-json\/wp\/v2\/comments?post=4493"}],"wp:featuredmedia":[{"embeddable":true,"href":"https:\/\/www.arkegypt.com\/es\/wp-json\/wp\/v2\/media\/4486"}],"wp:attachment":[{"href":"https:\/\/www.arkegypt.com\/es\/wp-json\/wp\/v2\/media?parent=4493"}],"wp:term":[{"taxonomy":"product_cat","embeddable":true,"href":"https:\/\/www.arkegypt.com\/es\/wp-json\/wp\/v2\/product_cat?post=4493"},{"taxonomy":"product_tag","embeddable":true,"href":"https:\/\/www.arkegypt.com\/es\/wp-json\/wp\/v2\/product_tag?post=4493"}],"curies":[{"name":"wp","href":"https:\/\/api.w.org\/{rel}","templated":true}]}}