{"id":4505,"date":"2022-04-10T16:45:28","date_gmt":"2022-04-10T14:45:28","guid":{"rendered":"https:\/\/www.arkegypt.com\/?post_type=product&#038;p=4505"},"modified":"2022-07-02T14:36:45","modified_gmt":"2022-07-02T12:36:45","slug":"secretaria-de-red-de-rosas-de-cobre","status":"publish","type":"product","link":"https:\/\/www.arkegypt.com\/es\/product\/secretaria-de-red-de-rosas-de-cobre\/","title":{"rendered":"Secretaria de red de rosas de cobre"},"content":{"rendered":"","protected":false},"excerpt":{"rendered":"<p>&#8211; Una secretaria sacada del Palacio de Rohan (Estrasburgo) pertenece a la antigua civilizaci\u00f3n francesa<br \/>\n\u2013 Intrincados trabajos de incrustaciones de marqueter\u00eda en todos los lados, incre\u00edbles motivos florales y arabescos<br \/>\n&#8211; La superficie de escritura se revela a trav\u00e9s del sistema roll top<br \/>\n&#8211; un mont\u00f3n de cub\u00edculos y cajones<br \/>\n&#8211; Gran pieza, bastante delicada, por lo que ahorra espacio<br \/>\n\u2013 Estaba hecho de madera natural y hecho por uno de los artesanos m\u00e1s h\u00e1biles con incrustaciones de chapa (balsander), cobre dorado original e incrustaciones. Con la adici\u00f3n de pinturas naturales que resaltan la belleza del producto y la incrustaci\u00f3n de piezas de cobre especialmente dise\u00f1adas para ello<\/p>\n<blockquote><p><em><strong>Secretaria de red de rosas de cobre<\/strong><\/em><\/p><\/blockquote>\n","protected":false},"featured_media":4498,"comment_status":"open","ping_status":"closed","template":"","meta":{"_mi_skip_tracking":false},"product_cat":[170],"product_tag":[],"class_list":["post-4505","product","type-product","status-publish","has-post-thumbnail","hentry","product_cat-secretaria"],"_links":{"self":[{"href":"https:\/\/www.arkegypt.com\/es\/wp-json\/wp\/v2\/product\/4505","targetHints":{"allow":["GET"]}}],"collection":[{"href":"https:\/\/www.arkegypt.com\/es\/wp-json\/wp\/v2\/product"}],"about":[{"href":"https:\/\/www.arkegypt.com\/es\/wp-json\/wp\/v2\/types\/product"}],"replies":[{"embeddable":true,"href":"https:\/\/www.arkegypt.com\/es\/wp-json\/wp\/v2\/comments?post=4505"}],"wp:featuredmedia":[{"embeddable":true,"href":"https:\/\/www.arkegypt.com\/es\/wp-json\/wp\/v2\/media\/4498"}],"wp:attachment":[{"href":"https:\/\/www.arkegypt.com\/es\/wp-json\/wp\/v2\/media?parent=4505"}],"wp:term":[{"taxonomy":"product_cat","embeddable":true,"href":"https:\/\/www.arkegypt.com\/es\/wp-json\/wp\/v2\/product_cat?post=4505"},{"taxonomy":"product_tag","embeddable":true,"href":"https:\/\/www.arkegypt.com\/es\/wp-json\/wp\/v2\/product_tag?post=4505"}],"curies":[{"name":"wp","href":"https:\/\/api.w.org\/{rel}","templated":true}]}}