{"id":4515,"date":"2022-04-10T16:39:53","date_gmt":"2022-04-10T14:39:53","guid":{"rendered":"https:\/\/www.arkegypt.com\/?post_type=product&#038;p=4515"},"modified":"2022-06-28T16:45:24","modified_gmt":"2022-06-28T14:45:24","slug":"secretario-del-palacio-de-las-tullerias","status":"publish","type":"product","link":"https:\/\/www.arkegypt.com\/es\/product\/secretario-del-palacio-de-las-tullerias\/","title":{"rendered":"Secretario del Palacio de las Tuller\u00edas"},"content":{"rendered":"","protected":false},"excerpt":{"rendered":"<p>&#8211; Una secretaria sacada del Palacio de las Tuller\u00edas pertenece a la antigua civilizaci\u00f3n francesa<br \/>\n\u2013 Intrincados trabajos de incrustaciones de marqueter\u00eda en todos los lados, incre\u00edbles motivos florales y arabescos<br \/>\n&#8211; La superficie de escritura se revela a trav\u00e9s del sistema roll top<br \/>\n&#8211; un mont\u00f3n de cub\u00edculos y cajones<br \/>\n&#8211; Gran pieza, bastante delicada, por lo que ahorra espacio<br \/>\n-Estaba hecho de madera natural y hecho por uno de los artesanos m\u00e1s h\u00e1biles con incrustaciones de chapa (balsander) e incrustaciones. Con la adici\u00f3n de pinturas naturales que resaltan la belleza del producto y la incrustaci\u00f3n de piezas de cobre hechas espec\u00edficamente para \u00e9l<\/p>\n","protected":false},"featured_media":4510,"comment_status":"open","ping_status":"closed","template":"","meta":{"_mi_skip_tracking":false},"product_cat":[170],"product_tag":[],"class_list":["post-4515","product","type-product","status-publish","has-post-thumbnail","hentry","product_cat-secretaria"],"_links":{"self":[{"href":"https:\/\/www.arkegypt.com\/es\/wp-json\/wp\/v2\/product\/4515","targetHints":{"allow":["GET"]}}],"collection":[{"href":"https:\/\/www.arkegypt.com\/es\/wp-json\/wp\/v2\/product"}],"about":[{"href":"https:\/\/www.arkegypt.com\/es\/wp-json\/wp\/v2\/types\/product"}],"replies":[{"embeddable":true,"href":"https:\/\/www.arkegypt.com\/es\/wp-json\/wp\/v2\/comments?post=4515"}],"wp:featuredmedia":[{"embeddable":true,"href":"https:\/\/www.arkegypt.com\/es\/wp-json\/wp\/v2\/media\/4510"}],"wp:attachment":[{"href":"https:\/\/www.arkegypt.com\/es\/wp-json\/wp\/v2\/media?parent=4515"}],"wp:term":[{"taxonomy":"product_cat","embeddable":true,"href":"https:\/\/www.arkegypt.com\/es\/wp-json\/wp\/v2\/product_cat?post=4515"},{"taxonomy":"product_tag","embeddable":true,"href":"https:\/\/www.arkegypt.com\/es\/wp-json\/wp\/v2\/product_tag?post=4515"}],"curies":[{"name":"wp","href":"https:\/\/api.w.org\/{rel}","templated":true}]}}