{"id":4644,"date":"2022-04-07T12:21:06","date_gmt":"2022-04-07T10:21:06","guid":{"rendered":"https:\/\/www.arkegypt.com\/?post_type=product&#038;p=4644"},"modified":"2022-06-28T16:57:04","modified_gmt":"2022-06-28T14:57:04","slug":"oficina-de-la-casa-blanca","status":"publish","type":"product","link":"https:\/\/www.arkegypt.com\/es\/product\/oficina-de-la-casa-blanca\/","title":{"rendered":"Oficina de la Casa Blanca"},"content":{"rendered":"","protected":false},"excerpt":{"rendered":"<p>Oficina inspirada en la oficina de la Casa Blanca con algunas modificaciones seg\u00fan el deseo del cliente con madera natural y pinturas ecol\u00f3gicas y esta es informaci\u00f3n sobre la oficina original<br \/>\nUna larga historia.. Lo que no sabes sobre la oficina de madera de los presidentes estadounidenses dentro de la Casa Blanca!<\/p>\n<p>Sus or\u00edgenes son brit\u00e1nicos: El escritorio de madera para el Presidente de los Estados Unidos no se hizo dentro de las fronteras estadounidenses. Originalmente era una de las piezas de uno de los barcos de la Flota Real Brit\u00e1nica, concretamente un barco llamado (Her Majesty), que pesa casi 600 toneladas, que fue enviado por la Reina Victoria en una misi\u00f3n de rescate en el polo Norte en 1852 para encontrar la expedici\u00f3n perdida de Franklin que desapareci\u00f3 en 1848 mientras perforaba en el \u00c1rtico. Despu\u00e9s de que el hielo se multiplicaron en el barco de una manera que paraliz\u00f3 sus movimientos y los da\u00f1os en el medio del oc\u00e9ano, fue descubierto por James Buddington, el capit\u00e1n de uno de los Americanos barcos balleneros en 1854, y regres\u00f3 a suelo Americano con su equipo sin ning\u00fan tipo de problemas o lesiones.<\/p>\n<p>A tiempo: El rescate del barco de la Flota Real brit\u00e1nica \u00abHer Majesty\u00bb del oc\u00e9ano helado y su reparaci\u00f3n nuevamente por trabajadores de los astilleros estadounidenses y luego enviado al Reino Unido con su tripulaci\u00f3n tuvo un efecto positivo en la calma de las tensas relaciones entre los Estados Unidos de Am\u00e9rica y el Reino Unido. La reina Victoria dio algunos muebles a bordo del barco brit\u00e1nico como regalos al lado estadounidense.<\/p>\n<p>Recompensa por la bondad! Despu\u00e9s de la salida del barco (Su Majestad) de la Flota Real Brit\u00e1nica del servicio en 1879, la Reina orden\u00f3 a los carpinteros m\u00e1s h\u00e1biles que usaran la madera del barco para hacer un lujoso escritorio de madera tallado a mano, que muestra dibujos ejecutados en madera de un hombre y una mujer tomados de la mano para simbolizar la expresi\u00f3n de buenas relaciones y buenas intenciones entre la Reina y el Presidente de los Estados Unidos de Am\u00e9rica. La oficina fue enviada a los Estados Unidos en este momento durante el reinado de su presidente n\u00famero 19, Rutherford Hayes en 1880, quien admir\u00f3 el esplendor del ornamentado dise\u00f1o de la oficina de madera para colocarla dentro de su oficina dentro de la Casa Blanca.<\/p>\n<p>Modificaci\u00f3n del escritorio: Aunque no se han realizado modificaciones en la oficina de los presidentes de los Estados Unidos, el presidente de los Estados Unidos, Franklin Roosevelt, es el \u00fanico que agreg\u00f3 paneles de madera en el medio, que se abren y cierran para ocultar sus piernas, ya que sufr\u00eda de polio<\/p>\n<p>Sus paneles de madera representan la historia: la puerta secreta de Roosevelt, que se agreg\u00f3 para ocultar sus pies, estaba bordada con un sello presidencial tallado con un \u00e1guila frente a flechas, un signo de guerra y poder.<\/p>\n<p>De vuelta a la vida! : El escritorio de madera \u00abResolute\u00bb fue descuidado y olvidado durante muchos a\u00f1os, ya que se coloc\u00f3 en el armario de la Casa Blanca antes de regresar nuevamente durante el mandato del presidente John F. Kennedy en 1961, por deseo de su esposa, la Primera Dama Jackie Kennedy, para convertirse en la oficina m\u00e1s importante dentro de la Casa Blanca nuevamente despu\u00e9s de un per\u00edodo de almacenamiento dentro de las tiendas.<\/p>\n<p>Captura de fotos familiares: Los hijos de Caroline, John Jr.y Kerry Kennedy, el Presidente Kennedy, fueron fotografiados jugando en la parte inferior de la Oficina Presidencial en 1962, convirti\u00e9ndose en una de las fotograf\u00edas hist\u00f3ricas m\u00e1s famosas jam\u00e1s tomadas de la oficina del Presidente de los Estados Unidos de Am\u00e9rica. Caroline, John Jr.y Kerry Kennedy a menudo se ven jugando en la habitaci\u00f3n secreta que fue dise\u00f1ada para ocultar los pies del ex presidente Roosevelt mientras John F. Kennedy, entonces presidente de los Estados Unidos en ese momento, estaba haciendo su trabajo.<\/p>\n<p>No solo estaba dentro de la Oficina Oval: La oficina presidencial \u00abResuelta\u00bb se movi\u00f3 en varios lugares, y no solo estaba dentro de la Oficina Oval todo el tiempo. Antes de eso, se us\u00f3 durante las transmisiones de radio y televisi\u00f3n durante la presidencia del presidente Eisenhower en 1952, cuando la oficina se traslad\u00f3 a la sala de transmisi\u00f3n en la planta baja.<\/p>\n<p>De nuevo: El presidente de los Estados Unidos, Jimmy Carter, exigi\u00f3 que la Oficina Presidencial de los Resueltos \u00abregrese a la Oficina Oval dentro de la Casa Blanca, y la oficina principal de Ronald Reagan, Bill Clinton, George W. Bush y Barack Obama fue<\/p>\n<p>George HW Bush: El presidente George HW Bush no us\u00f3 el escritorio \u00abResolute\u00bb para volver a los almacenes de la Casa Blanca. Bush padre prefiri\u00f3 usar un escritorio de nogal liso y sin adornos que llam\u00f3 \u00abEscritorio C + O\u00bb y fue uno de los muebles que exist\u00edan dentro de Ohio Company Railroad en 1920 antes de que la compa\u00f1\u00eda lo adjudicara a la Casa Blanca.<\/p>\n<p>Grabado en tinta: Al igual que los alborotadores hacen en los escritorios de estudio, Dick Cheney, vicepresidente de George W. Bush, inscribi\u00f3 su nombre en uno de los cajones superiores de la oficina presidencial \u00abResolute\u00bb antes de dejar el cargo.<\/p>\n<p>Los pies de Obama: Durante su presidencia, Obama plante\u00f3 muchas reservas debido a las im\u00e1genes en las que parec\u00eda poner los pies en la oficina presidencial \u00abResolute\u00bb y al gran valor hist\u00f3rico que contiene para los estadounidenses. Estas im\u00e1genes causaron muchas cr\u00edticas de la prensa al ex presidente estadounidense.<\/p>\n<p>No es la \u00fanica oficina: De hecho, la Reina brit\u00e1nica no regal\u00f3 solo un escritorio de madera, sino que hab\u00eda 3 oficinas, donde la segunda oficina era mucho m\u00e1s peque\u00f1a en comparaci\u00f3n con la primera oficina y se coloc\u00f3 en el Royal Naval Museum desde los a\u00f1os ochenta, mientras que la tercera oficina se conoc\u00eda como \u00abQueen Victoria&#8217;s Office\u00bb u \u00abOffice of Queen Victoria\u00bb u \u00abOffice of Queen Victoria\u00bb Grinnell, una oficina de damas para damas, fue un regalo de la Reina a la viuda de Henry Grinnell en reconocimiento a sus esfuerzos en la investigaci\u00f3n de la expedici\u00f3n Franklin.<\/p>\n<p>No hay habitaciones secretas: Como sucedi\u00f3 en la famosa pel\u00edcula estadounidense \u00abNational Treasure\u00bb, protagonizada por el veterano actor Nicholas Cage, muchos piensan que la oficina presidencial contiene botones secretos que abren puertas ocultas dentro de la Oficina Oval, pero desafortunadamente no hay tales cosas en la realidad y no hay Puertas secretas detr\u00e1s de las pinturas que cuelgan de las paredes dentro de<\/p>\n","protected":false},"featured_media":4619,"comment_status":"open","ping_status":"closed","template":"","meta":{"_mi_skip_tracking":false},"product_cat":[169],"product_tag":[],"class_list":["post-4644","product","type-product","status-publish","has-post-thumbnail","hentry","product_cat-oficina"],"_links":{"self":[{"href":"https:\/\/www.arkegypt.com\/es\/wp-json\/wp\/v2\/product\/4644","targetHints":{"allow":["GET"]}}],"collection":[{"href":"https:\/\/www.arkegypt.com\/es\/wp-json\/wp\/v2\/product"}],"about":[{"href":"https:\/\/www.arkegypt.com\/es\/wp-json\/wp\/v2\/types\/product"}],"replies":[{"embeddable":true,"href":"https:\/\/www.arkegypt.com\/es\/wp-json\/wp\/v2\/comments?post=4644"}],"wp:featuredmedia":[{"embeddable":true,"href":"https:\/\/www.arkegypt.com\/es\/wp-json\/wp\/v2\/media\/4619"}],"wp:attachment":[{"href":"https:\/\/www.arkegypt.com\/es\/wp-json\/wp\/v2\/media?parent=4644"}],"wp:term":[{"taxonomy":"product_cat","embeddable":true,"href":"https:\/\/www.arkegypt.com\/es\/wp-json\/wp\/v2\/product_cat?post=4644"},{"taxonomy":"product_tag","embeddable":true,"href":"https:\/\/www.arkegypt.com\/es\/wp-json\/wp\/v2\/product_tag?post=4644"}],"curies":[{"name":"wp","href":"https:\/\/api.w.org\/{rel}","templated":true}]}}