{"id":4657,"date":"2022-04-07T12:07:39","date_gmt":"2022-04-07T10:07:39","guid":{"rendered":"https:\/\/www.arkegypt.com\/?post_type=product&#038;p=4657"},"modified":"2022-07-07T13:27:28","modified_gmt":"2022-07-07T11:27:28","slug":"mesa-de-jean-francois-sepin","status":"publish","type":"product","link":"https:\/\/www.arkegypt.com\/es\/product\/mesa-de-jean-francois-sepin\/","title":{"rendered":"(Mesa mec\u00e1nica) Jean-Fran\u00e7ois Oeben"},"content":{"rendered":"","protected":false},"excerpt":{"rendered":"<p>T\u00edtulo: Mesa mec\u00e1nica<\/p>\n<p>Maker: Jean-Fran\u00e7ois Oeben (franc\u00e9s, nacido en Alemania, Heisenberg 1721-1763 Par\u00eds)<\/p>\n<p>Maker: y Roger Vandercruse, llamado Lacroix (franc\u00e9s, 1727-1799)<\/p>\n<p>Fecha: ca. 1761-1763<\/p>\n<p>Cultura: Franc\u00e9s<\/p>\n<p>Reconocida durante mucho tiempo como una de las obras maestras de Jean-Fran\u00e7ois Oeben, esta mesa (ca. 1761-1763) se hizo para su cliente frecuente y m\u00e1s importante, Madame de Pompadour. El cargo principal de su escudo de armas, una torre, aparece en la parte superior de la montura de bronce dorado en cada esquina. La marqueter\u00eda de la parte superior, uno de los paneles m\u00e1s finos de todos los muebles de Oeben, fue dise\u00f1ada para reflejar su inter\u00e9s por las artes y representa un jarr\u00f3n de flores, as\u00ed como trofeos emblem\u00e1ticos de la arquitectura, la pintura, la m\u00fasica y la jardiner\u00eda. La mesa, terminada despu\u00e9s de la muerte de Oeben por su cu\u00f1ado Roger Vandercruse, demuestra el talento de Oeben, no solo como creador de hermosos muebles, sino tambi\u00e9n como mec\u00e1nico: un elaborado mecanismo permite que la parte superior se deslice hacia atr\u00e1s al mismo tiempo que el el caj\u00f3n m\u00e1s grande se mueve hacia adelante, duplicando as\u00ed el \u00e1rea de superficie.<\/p>\n<blockquote><p><strong><em>(Mesa mec\u00e1nica) Jean-Fran\u00e7ois Oeben<\/em><\/strong><\/p><\/blockquote>\n","protected":false},"featured_media":4650,"comment_status":"open","ping_status":"closed","template":"","meta":{"_mi_skip_tracking":false},"product_cat":[169],"product_tag":[],"class_list":["post-4657","product","type-product","status-publish","has-post-thumbnail","hentry","product_cat-oficina"],"_links":{"self":[{"href":"https:\/\/www.arkegypt.com\/es\/wp-json\/wp\/v2\/product\/4657","targetHints":{"allow":["GET"]}}],"collection":[{"href":"https:\/\/www.arkegypt.com\/es\/wp-json\/wp\/v2\/product"}],"about":[{"href":"https:\/\/www.arkegypt.com\/es\/wp-json\/wp\/v2\/types\/product"}],"replies":[{"embeddable":true,"href":"https:\/\/www.arkegypt.com\/es\/wp-json\/wp\/v2\/comments?post=4657"}],"wp:featuredmedia":[{"embeddable":true,"href":"https:\/\/www.arkegypt.com\/es\/wp-json\/wp\/v2\/media\/4650"}],"wp:attachment":[{"href":"https:\/\/www.arkegypt.com\/es\/wp-json\/wp\/v2\/media?parent=4657"}],"wp:term":[{"taxonomy":"product_cat","embeddable":true,"href":"https:\/\/www.arkegypt.com\/es\/wp-json\/wp\/v2\/product_cat?post=4657"},{"taxonomy":"product_tag","embeddable":true,"href":"https:\/\/www.arkegypt.com\/es\/wp-json\/wp\/v2\/product_tag?post=4657"}],"curies":[{"name":"wp","href":"https:\/\/api.w.org\/{rel}","templated":true}]}}