{"id":4674,"date":"2022-04-06T11:59:28","date_gmt":"2022-04-06T09:59:28","guid":{"rendered":"https:\/\/www.arkegypt.com\/?post_type=product&#038;p=4674"},"modified":"2022-07-02T16:48:58","modified_gmt":"2022-07-02T14:48:58","slug":"ramo-de-rosas-colgantes-espejo-rectangular-de-una-forma-unica-en-un-color-dorado-cercano-al-verde-165-x-40","status":"publish","type":"product","link":"https:\/\/www.arkegypt.com\/es\/product\/ramo-de-rosas-colgantes-espejo-rectangular-de-una-forma-unica-en-un-color-dorado-cercano-al-verde-165-x-40\/","title":{"rendered":"(ramo de rosas colgantes) Espejo rectangular de una forma \u00fanica, en un color dorado cercano al verde 165 x 40"},"content":{"rendered":"","protected":false},"excerpt":{"rendered":"<p>-Una mujer de forma \u00fanica inspirada en los ramos de flores franceses-Fabricada por los artesanos m\u00e1s h\u00e1biles de la industria artesanal<\/p>\n<p>&#8211; Este elemento est\u00e1 inspirado en los palacios franceses y el arte cl\u00e1sico franc\u00e9s antiguo<\/p>\n<p>\u2013 Este producto es un dise\u00f1o especial inspirado en el arte franc\u00e9s y la antig\u00fcedad<\/p>\n<p>&#8211; Un espejo alegre y elegante que da la sensaci\u00f3n de estar en un palacio franc\u00e9s del siglo XVIII<\/p>\n<p>&#8211; tama\u00f1o 165 x 40 Estructura de madera natural con la adici\u00f3n de todo el trabajo de grabado en el material de madera resina y espejo de 4 mm Uno de los mejores tipos de espejos con pinturas de alta calidad y respetuosas con el medio ambiente<\/p>\n<blockquote><p><strong><em>(ramo de rosas colgantes) Espejo rectangular de una forma \u00fanica, en un color dorado cercano al verde<\/em><\/strong><\/p><\/blockquote>\n","protected":false},"featured_media":4670,"comment_status":"open","ping_status":"closed","template":"","meta":{"_mi_skip_tracking":false},"product_cat":[167],"product_tag":[],"class_list":["post-4674","product","type-product","status-publish","has-post-thumbnail","hentry","product_cat-espejo"],"_links":{"self":[{"href":"https:\/\/www.arkegypt.com\/es\/wp-json\/wp\/v2\/product\/4674","targetHints":{"allow":["GET"]}}],"collection":[{"href":"https:\/\/www.arkegypt.com\/es\/wp-json\/wp\/v2\/product"}],"about":[{"href":"https:\/\/www.arkegypt.com\/es\/wp-json\/wp\/v2\/types\/product"}],"replies":[{"embeddable":true,"href":"https:\/\/www.arkegypt.com\/es\/wp-json\/wp\/v2\/comments?post=4674"}],"wp:featuredmedia":[{"embeddable":true,"href":"https:\/\/www.arkegypt.com\/es\/wp-json\/wp\/v2\/media\/4670"}],"wp:attachment":[{"href":"https:\/\/www.arkegypt.com\/es\/wp-json\/wp\/v2\/media?parent=4674"}],"wp:term":[{"taxonomy":"product_cat","embeddable":true,"href":"https:\/\/www.arkegypt.com\/es\/wp-json\/wp\/v2\/product_cat?post=4674"},{"taxonomy":"product_tag","embeddable":true,"href":"https:\/\/www.arkegypt.com\/es\/wp-json\/wp\/v2\/product_tag?post=4674"}],"curies":[{"name":"wp","href":"https:\/\/api.w.org\/{rel}","templated":true}]}}