{"id":4733,"date":"2022-04-06T11:12:29","date_gmt":"2022-04-06T09:12:29","guid":{"rendered":"https:\/\/www.arkegypt.com\/?post_type=product&#038;p=4733"},"modified":"2022-07-03T17:25:14","modified_gmt":"2022-07-03T15:25:14","slug":"cabello-dorado-el-espejo-tiene-una-forma-rectangular-cercana-al-ovalo-con-un-diseno-dorado-unico-de-95-x-100","status":"publish","type":"product","link":"https:\/\/www.arkegypt.com\/es\/product\/cabello-dorado-el-espejo-tiene-una-forma-rectangular-cercana-al-ovalo-con-un-diseno-dorado-unico-de-95-x-100\/","title":{"rendered":"(cabello dorado) El espejo tiene una forma rectangular cercana al \u00f3valo con un dise\u00f1o dorado \u00fanico de 95 x 100"},"content":{"rendered":"","protected":false},"excerpt":{"rendered":"<p>&#8211; Un espejo con un dise\u00f1o dorado \u00fanico y una forma \u00fanica y lujosa, como el cabello de una princesa de un palacio franc\u00e9s<\/p>\n<p>&#8211; Fabricado por los artesanos m\u00e1s expertos en la industria artesanal<\/p>\n<p>&#8211; Este elemento est\u00e1 inspirado en los palacios franceses y el arte cl\u00e1sico franc\u00e9s antiguo<\/p>\n<p>\u2013 Este producto es un dise\u00f1o especial inspirado en el arte franc\u00e9s y la antig\u00fcedad<\/p>\n<p>&#8211; Un espejo alegre y elegante que da la sensaci\u00f3n de estar en un palacio franc\u00e9s del siglo XVIII<\/p>\n<p>&#8211; tama\u00f1o 95 x 100 Estructura de madera natural con la adici\u00f3n de todo el trabajo de grabado en el material de madera resina y espejo de 4 mm Uno de los mejores tipos de espejos con pinturas de alta calidad y respetuosas con el medio ambiente<\/p>\n<blockquote><p><strong><em>(cabello dorado) El espejo tiene una forma rectangular cercana al \u00f3valo con un dise\u00f1o dorado \u00fanico de<\/em><\/strong><\/p><\/blockquote>\n","protected":false},"featured_media":4730,"comment_status":"open","ping_status":"closed","template":"","meta":{"_mi_skip_tracking":false},"product_cat":[167],"product_tag":[],"class_list":["post-4733","product","type-product","status-publish","has-post-thumbnail","hentry","product_cat-espejo"],"_links":{"self":[{"href":"https:\/\/www.arkegypt.com\/es\/wp-json\/wp\/v2\/product\/4733","targetHints":{"allow":["GET"]}}],"collection":[{"href":"https:\/\/www.arkegypt.com\/es\/wp-json\/wp\/v2\/product"}],"about":[{"href":"https:\/\/www.arkegypt.com\/es\/wp-json\/wp\/v2\/types\/product"}],"replies":[{"embeddable":true,"href":"https:\/\/www.arkegypt.com\/es\/wp-json\/wp\/v2\/comments?post=4733"}],"wp:featuredmedia":[{"embeddable":true,"href":"https:\/\/www.arkegypt.com\/es\/wp-json\/wp\/v2\/media\/4730"}],"wp:attachment":[{"href":"https:\/\/www.arkegypt.com\/es\/wp-json\/wp\/v2\/media?parent=4733"}],"wp:term":[{"taxonomy":"product_cat","embeddable":true,"href":"https:\/\/www.arkegypt.com\/es\/wp-json\/wp\/v2\/product_cat?post=4733"},{"taxonomy":"product_tag","embeddable":true,"href":"https:\/\/www.arkegypt.com\/es\/wp-json\/wp\/v2\/product_tag?post=4733"}],"curies":[{"name":"wp","href":"https:\/\/api.w.org\/{rel}","templated":true}]}}