{"id":4741,"date":"2022-04-06T11:07:45","date_gmt":"2022-04-06T09:07:45","guid":{"rendered":"https:\/\/www.arkegypt.com\/?post_type=product&#038;p=4741"},"modified":"2022-07-03T17:36:43","modified_gmt":"2022-07-03T15:36:43","slug":"mesita-de-noche-hojas-de-arboles-lujosa-mesita-de-noche-de-madera-con-un-encantador-dibujo-de-follaje-86-x-34","status":"publish","type":"product","link":"https:\/\/www.arkegypt.com\/es\/product\/mesita-de-noche-hojas-de-arboles-lujosa-mesita-de-noche-de-madera-con-un-encantador-dibujo-de-follaje-86-x-34\/","title":{"rendered":"(Mesita de noche hojas de \u00e1rboles) Lujosa mesita de noche de madera con un encantador dibujo de follaje 86 x 34"},"content":{"rendered":"","protected":false},"excerpt":{"rendered":"<p>&#8211; Una mesita de noche de nuestras industrias, inspirada en la civilizaci\u00f3n francesa, con una deliciosa chapa natural pintada con hojas en colores naturales y maravillosos<\/p>\n<p>&#8211; Fabricado por los artesanos m\u00e1s expertos en la industria artesanal<\/p>\n<p>&#8211; Este elemento est\u00e1 inspirado en palacios franceses y arte cl\u00e1sico franc\u00e9s antiguo<\/p>\n<p>\u2013 Este producto es un dise\u00f1o especial inspirado en el arte franc\u00e9s y la antig\u00fcedad<\/p>\n<p>\u2013 Una mesa suntuosa crea una sensaci\u00f3n de estar en un castillo franc\u00e9s del siglo XVIII<\/p>\n<p>&#8211; Tama\u00f1o 86 x 34 estructura de madera natural con la adici\u00f3n de todos los trabajos de tallado en madera y resina y chapa natural de los mejores tipos y con pinturas de alta calidad y respetuosas con el medio ambiente<\/p>\n<blockquote><p><em><strong>(Mesita de noche hojas de \u00e1rboles) Lujosa mesita de noche de madera con un encantador dibujo de follaje<\/strong><\/em><\/p><\/blockquote>\n","protected":false},"featured_media":4738,"comment_status":"open","ping_status":"closed","template":"","meta":{"_mi_skip_tracking":false},"product_cat":[165],"product_tag":[],"class_list":["post-4741","product","type-product","status-publish","has-post-thumbnail","hentry","product_cat-comoda"],"_links":{"self":[{"href":"https:\/\/www.arkegypt.com\/es\/wp-json\/wp\/v2\/product\/4741","targetHints":{"allow":["GET"]}}],"collection":[{"href":"https:\/\/www.arkegypt.com\/es\/wp-json\/wp\/v2\/product"}],"about":[{"href":"https:\/\/www.arkegypt.com\/es\/wp-json\/wp\/v2\/types\/product"}],"replies":[{"embeddable":true,"href":"https:\/\/www.arkegypt.com\/es\/wp-json\/wp\/v2\/comments?post=4741"}],"wp:featuredmedia":[{"embeddable":true,"href":"https:\/\/www.arkegypt.com\/es\/wp-json\/wp\/v2\/media\/4738"}],"wp:attachment":[{"href":"https:\/\/www.arkegypt.com\/es\/wp-json\/wp\/v2\/media?parent=4741"}],"wp:term":[{"taxonomy":"product_cat","embeddable":true,"href":"https:\/\/www.arkegypt.com\/es\/wp-json\/wp\/v2\/product_cat?post=4741"},{"taxonomy":"product_tag","embeddable":true,"href":"https:\/\/www.arkegypt.com\/es\/wp-json\/wp\/v2\/product_tag?post=4741"}],"curies":[{"name":"wp","href":"https:\/\/api.w.org\/{rel}","templated":true}]}}