{"id":4751,"date":"2022-04-06T10:32:19","date_gmt":"2022-04-06T08:32:19","guid":{"rendered":"https:\/\/www.arkegypt.com\/?post_type=product&#038;p=4751"},"modified":"2022-07-03T17:47:31","modified_gmt":"2022-07-03T15:47:31","slug":"mesa-de-la-edad-del-cobre-lujosa-mesa-con-chapa-natural-y-atractivo-laton-macizo-que-la-rodea-75-x-83","status":"publish","type":"product","link":"https:\/\/www.arkegypt.com\/es\/product\/mesa-de-la-edad-del-cobre-lujosa-mesa-con-chapa-natural-y-atractivo-laton-macizo-que-la-rodea-75-x-83\/","title":{"rendered":"(Mesa de la edad del cobre) Lujosa mesa con chapa natural y atractivo lat\u00f3n macizo que la rodea 75 x 83"},"content":{"rendered":"","protected":false},"excerpt":{"rendered":"<p>&#8211; Mesa de madera de nuestras industrias, inspirada en la civilizaci\u00f3n francesa, con una lujosa chapa natural y cobre macizo que la rodea<\/p>\n<p>&#8211; Fabricado por los artesanos m\u00e1s expertos en la industria artesanal<\/p>\n<p>&#8211; Este elemento est\u00e1 inspirado en palacios franceses y arte cl\u00e1sico franc\u00e9s antiguo<\/p>\n<p>\u2013 Este producto es un dise\u00f1o especial inspirado en el arte franc\u00e9s y la antig\u00fcedad<\/p>\n<p>\u2013 Una mesa suntuosa crea una sensaci\u00f3n de estar en un castillo franc\u00e9s del siglo XVIII<\/p>\n<p>&#8211; Tama\u00f1o 75 x 83, una estructura de madera natural con la adici\u00f3n de todos los trabajos de grabado en madera, resina y cobre rodeados de los mejores tipos de cobre con pinturas de alta calidad y respetuosas con el medio ambiente<\/p>\n<blockquote><p><em><strong>(Mesa de la edad del cobre) Lujosa mesa con chapa natural y atractivo lat\u00f3n macizo que la rodea<\/strong><\/em><\/p><\/blockquote>\n","protected":false},"featured_media":4748,"comment_status":"open","ping_status":"closed","template":"","meta":{"_mi_skip_tracking":false},"product_cat":[171],"product_tag":[],"class_list":["post-4751","product","type-product","status-publish","has-post-thumbnail","hentry","product_cat-mesa"],"_links":{"self":[{"href":"https:\/\/www.arkegypt.com\/es\/wp-json\/wp\/v2\/product\/4751","targetHints":{"allow":["GET"]}}],"collection":[{"href":"https:\/\/www.arkegypt.com\/es\/wp-json\/wp\/v2\/product"}],"about":[{"href":"https:\/\/www.arkegypt.com\/es\/wp-json\/wp\/v2\/types\/product"}],"replies":[{"embeddable":true,"href":"https:\/\/www.arkegypt.com\/es\/wp-json\/wp\/v2\/comments?post=4751"}],"wp:featuredmedia":[{"embeddable":true,"href":"https:\/\/www.arkegypt.com\/es\/wp-json\/wp\/v2\/media\/4748"}],"wp:attachment":[{"href":"https:\/\/www.arkegypt.com\/es\/wp-json\/wp\/v2\/media?parent=4751"}],"wp:term":[{"taxonomy":"product_cat","embeddable":true,"href":"https:\/\/www.arkegypt.com\/es\/wp-json\/wp\/v2\/product_cat?post=4751"},{"taxonomy":"product_tag","embeddable":true,"href":"https:\/\/www.arkegypt.com\/es\/wp-json\/wp\/v2\/product_tag?post=4751"}],"curies":[{"name":"wp","href":"https:\/\/api.w.org\/{rel}","templated":true}]}}