{"id":4772,"date":"2022-04-05T15:26:02","date_gmt":"2022-04-05T13:26:02","guid":{"rendered":"https:\/\/www.arkegypt.com\/?post_type=product&#038;p=4772"},"modified":"2022-06-29T10:16:00","modified_gmt":"2022-06-29T08:16:00","slug":"tableta-de-escritura-giovanni-socci-1807","status":"publish","type":"product","link":"https:\/\/www.arkegypt.com\/es\/product\/tableta-de-escritura-giovanni-socci-1807\/","title":{"rendered":"Tableta de escritura Giovanni socci 1807"},"content":{"rendered":"","protected":false},"excerpt":{"rendered":"<p>-Un hermoso mueble imperial del escritorio del mec\u00e1nico Giovanni Socci de Napole\u00f3n, el c1810 se dio cuenta de que el c1810 oculta un intrincado mecanismo de cierre, que le permite plegarse alrededor del reposalibros, las alas laterales y el asiento. En el caso de que la silla de tres patas en la base de madera deslizante desaparezca hacia afuera, desaparece por completo en los muebles. El tablero de dibujo y los soportes de tinta caen y se deslizan por los lados. Construido en el siglo XIX por Giovanni Succi, un artesano italiano de Florencia. Y no fue el \u00fanico que lo construy\u00f3. Sochi es parte de una familia de artesanos que suministraron muebles a varios miembros del palacio y la familia real de Florencia, y al menos parece haber producido cuatro de esas obras. their su explicaci\u00f3n establece que el acto de tirar de la silla es lo que hace que la mesa se deforme. Piel de cabra en la parte superior.<\/p>\n<p>&#8211; Se han agregado m\u00e9todos de desarrollo e investigaci\u00f3n cient\u00edfica a esta pieza, de modo que la silla sale a trav\u00e9s del tel\u00e9fono con una contrase\u00f1a y \/ o tocando en una parte oculta de la misma, y cuando se abre la silla, se recibe la m\u00fasica de su tiempo<\/p>\n<p>&#8211; Fabricado por los artesanos m\u00e1s expertos en la industria artesanal<\/p>\n<p>\u2013 Este producto es un dise\u00f1o especial inspirado en el arte franc\u00e9s y la antig\u00fcedad<\/p>\n<p>&#8211; Dise\u00f1o encantador y flores que tienen brillo y belleza<\/p>\n<p>\u2013 Este producto es un dise\u00f1o especial inspirado en el arte franc\u00e9s y la antig\u00fcedad realizado por los m\u00e1s h\u00e1biles fabricantes de muebles cl\u00e1sicos hechos a mano<\/p>\n<p>&#8211; tama\u00f1o 88 x 106 x 82 Estructura de madera natural con la adici\u00f3n de todos los trabajos de grabado en material de resina de madera y pinturas ecol\u00f3gicas<\/p>\n","protected":false},"featured_media":4757,"comment_status":"open","ping_status":"closed","template":"","meta":{"_mi_skip_tracking":false},"product_cat":[169],"product_tag":[],"class_list":["post-4772","product","type-product","status-publish","has-post-thumbnail","hentry","product_cat-oficina"],"_links":{"self":[{"href":"https:\/\/www.arkegypt.com\/es\/wp-json\/wp\/v2\/product\/4772","targetHints":{"allow":["GET"]}}],"collection":[{"href":"https:\/\/www.arkegypt.com\/es\/wp-json\/wp\/v2\/product"}],"about":[{"href":"https:\/\/www.arkegypt.com\/es\/wp-json\/wp\/v2\/types\/product"}],"replies":[{"embeddable":true,"href":"https:\/\/www.arkegypt.com\/es\/wp-json\/wp\/v2\/comments?post=4772"}],"wp:featuredmedia":[{"embeddable":true,"href":"https:\/\/www.arkegypt.com\/es\/wp-json\/wp\/v2\/media\/4757"}],"wp:attachment":[{"href":"https:\/\/www.arkegypt.com\/es\/wp-json\/wp\/v2\/media?parent=4772"}],"wp:term":[{"taxonomy":"product_cat","embeddable":true,"href":"https:\/\/www.arkegypt.com\/es\/wp-json\/wp\/v2\/product_cat?post=4772"},{"taxonomy":"product_tag","embeddable":true,"href":"https:\/\/www.arkegypt.com\/es\/wp-json\/wp\/v2\/product_tag?post=4772"}],"curies":[{"name":"wp","href":"https:\/\/api.w.org\/{rel}","templated":true}]}}