{"id":4783,"date":"2022-04-05T14:03:44","date_gmt":"2022-04-05T12:03:44","guid":{"rendered":"https:\/\/www.arkegypt.com\/?post_type=product&#038;p=4783"},"modified":"2022-07-03T17:58:30","modified_gmt":"2022-07-03T15:58:30","slug":"comoda-de-lujo-con-piezas-de-cobre-dorado-nudo-dorado","status":"publish","type":"product","link":"https:\/\/www.arkegypt.com\/es\/product\/comoda-de-lujo-con-piezas-de-cobre-dorado-nudo-dorado\/","title":{"rendered":"C\u00f3moda de lujo con piezas de cobre dorado (nudo dorado)"},"content":{"rendered":"","protected":false},"excerpt":{"rendered":"<p>&#8211; Una lujosa c\u00f3moda inspirada en la antigua civilizaci\u00f3n francesa y con piezas de cobre dorado que le dan una forma atractiva con un brillo brillante<\/p>\n<p>&#8211; Fabricado por los artesanos m\u00e1s expertos en la industria artesanal<\/p>\n<p>\u2013 Este producto es un dise\u00f1o especial inspirado en el arte franc\u00e9s y la antig\u00fcedad<\/p>\n<p>\u2013 Este producto es un dise\u00f1o especial inspirado en el arte chino y la antig\u00fcedad hecho por los m\u00e1s h\u00e1biles fabricantes de muebles cl\u00e1sicos hechos a mano<\/p>\n<p>&#8211; Estructura de madera natural con la adici\u00f3n de todos los trabajos de grabado en madera y resina, se eligi\u00f3 un cobre lujosamente adecuado y pinturas ecol\u00f3gicas<\/p>\n<blockquote><p><em><strong>C\u00f3moda de lujo con piezas de cobre dorado (nudo dorado)<\/strong><\/em><\/p><\/blockquote>\n","protected":false},"featured_media":4780,"comment_status":"open","ping_status":"closed","template":"","meta":{"_mi_skip_tracking":false},"product_cat":[165],"product_tag":[],"class_list":["post-4783","product","type-product","status-publish","has-post-thumbnail","hentry","product_cat-comoda"],"_links":{"self":[{"href":"https:\/\/www.arkegypt.com\/es\/wp-json\/wp\/v2\/product\/4783","targetHints":{"allow":["GET"]}}],"collection":[{"href":"https:\/\/www.arkegypt.com\/es\/wp-json\/wp\/v2\/product"}],"about":[{"href":"https:\/\/www.arkegypt.com\/es\/wp-json\/wp\/v2\/types\/product"}],"replies":[{"embeddable":true,"href":"https:\/\/www.arkegypt.com\/es\/wp-json\/wp\/v2\/comments?post=4783"}],"wp:featuredmedia":[{"embeddable":true,"href":"https:\/\/www.arkegypt.com\/es\/wp-json\/wp\/v2\/media\/4780"}],"wp:attachment":[{"href":"https:\/\/www.arkegypt.com\/es\/wp-json\/wp\/v2\/media?parent=4783"}],"wp:term":[{"taxonomy":"product_cat","embeddable":true,"href":"https:\/\/www.arkegypt.com\/es\/wp-json\/wp\/v2\/product_cat?post=4783"},{"taxonomy":"product_tag","embeddable":true,"href":"https:\/\/www.arkegypt.com\/es\/wp-json\/wp\/v2\/product_tag?post=4783"}],"curies":[{"name":"wp","href":"https:\/\/api.w.org\/{rel}","templated":true}]}}