{"id":4815,"date":"2022-04-04T16:25:39","date_gmt":"2022-04-04T14:25:39","guid":{"rendered":"https:\/\/www.arkegypt.com\/?post_type=product&#038;p=4815"},"modified":"2022-07-04T15:24:39","modified_gmt":"2022-07-04T13:24:39","slug":"golden-angels-rectangular-mirror-with-a-unique-and-luxurious-sculpture-of-two-children-120-x-160","status":"publish","type":"product","link":"https:\/\/www.arkegypt.com\/es\/product\/golden-angels-rectangular-mirror-with-a-unique-and-luxurious-sculpture-of-two-children-120-x-160\/","title":{"rendered":"(\u00e1ngeles dorados) Espejo rectangular con una escultura \u00fanica y lujosa de dos ni\u00f1os 120 x 160"},"content":{"rendered":"","protected":false},"excerpt":{"rendered":"<p>&#8211; Lujosamente espejado y lujosamente tallado para dos reyes de la herencia francesa<\/p>\n<p>&#8211; Fabricado por los artesanos m\u00e1s expertos en la industria artesanal<\/p>\n<p>&#8211; Este elemento est\u00e1 inspirado en los palacios franceses y el arte cl\u00e1sico franc\u00e9s antiguo<\/p>\n<p>\u2013 Este producto es un dise\u00f1o especial inspirado en el arte franc\u00e9s y la antig\u00fcedad<\/p>\n<p>&#8211; Un espejo alegre y elegante que da la sensaci\u00f3n de estar en un palacio franc\u00e9s del siglo XVIII<\/p>\n<p>&#8211; tama\u00f1o 210 x 80 Estructura de madera natural con la adici\u00f3n de todo el trabajo de grabado en el material de madera resina y espejo de 4 mm Uno de los mejores tipos de espejos con pinturas de alta calidad y respetuosas con el medio ambiente<\/p>\n<blockquote><p><em><strong>(\u00e1ngeles dorados) Espejo rectangular con una escultura \u00fanica y lujosa de dos ni\u00f1os<\/strong><\/em><\/p><\/blockquote>\n","protected":false},"featured_media":4812,"comment_status":"open","ping_status":"closed","template":"","meta":{"_mi_skip_tracking":false},"product_cat":[167],"product_tag":[],"class_list":["post-4815","product","type-product","status-publish","has-post-thumbnail","hentry","product_cat-espejo"],"_links":{"self":[{"href":"https:\/\/www.arkegypt.com\/es\/wp-json\/wp\/v2\/product\/4815","targetHints":{"allow":["GET"]}}],"collection":[{"href":"https:\/\/www.arkegypt.com\/es\/wp-json\/wp\/v2\/product"}],"about":[{"href":"https:\/\/www.arkegypt.com\/es\/wp-json\/wp\/v2\/types\/product"}],"replies":[{"embeddable":true,"href":"https:\/\/www.arkegypt.com\/es\/wp-json\/wp\/v2\/comments?post=4815"}],"wp:featuredmedia":[{"embeddable":true,"href":"https:\/\/www.arkegypt.com\/es\/wp-json\/wp\/v2\/media\/4812"}],"wp:attachment":[{"href":"https:\/\/www.arkegypt.com\/es\/wp-json\/wp\/v2\/media?parent=4815"}],"wp:term":[{"taxonomy":"product_cat","embeddable":true,"href":"https:\/\/www.arkegypt.com\/es\/wp-json\/wp\/v2\/product_cat?post=4815"},{"taxonomy":"product_tag","embeddable":true,"href":"https:\/\/www.arkegypt.com\/es\/wp-json\/wp\/v2\/product_tag?post=4815"}],"curies":[{"name":"wp","href":"https:\/\/api.w.org\/{rel}","templated":true}]}}