{"id":4824,"date":"2022-04-04T15:59:39","date_gmt":"2022-04-04T13:59:39","guid":{"rendered":"https:\/\/www.arkegypt.com\/?post_type=product&#038;p=4824"},"modified":"2022-07-04T16:23:26","modified_gmt":"2022-07-04T14:23:26","slug":"silla-alas-de-aguila-silla-historica-alas-de-aguila-en-sus-brazos-120-x-75-x-70","status":"publish","type":"product","link":"https:\/\/www.arkegypt.com\/es\/product\/silla-alas-de-aguila-silla-historica-alas-de-aguila-en-sus-brazos-120-x-75-x-70\/","title":{"rendered":"(silla alas de \u00e1guila) Silla hist\u00f3rica alas de \u00e1guila en sus brazos 120 x 75 x 70"},"content":{"rendered":"","protected":false},"excerpt":{"rendered":"<p>&#8211; Fabricado por los artesanos m\u00e1s expertos en la industria artesanal<\/p>\n<p>&#8211; Silla de \u00e9poca francesa con brazos en forma de alas de \u00e1guila<\/p>\n<p>\u2013 Esta silla no solo es buena como asiento en caf\u00e9s y restaurantes, sino que tambi\u00e9n es muy buena como banco de trabajo en la oficina y el espacio de trabajo de su hogar de lujo. Si desea colocarlo en el porche delantero como un lugar c\u00f3modo para sentarse, tambi\u00e9n se ve lujoso y elegante<\/p>\n<p>\u2013 Este producto es un dise\u00f1o especial inspirado en el arte franc\u00e9s y la antig\u00fcedad creado por los m\u00e1s h\u00e1biles artesanos de muebles cl\u00e1sicos. Cuero italiano con relleno de esponja de alta densidad, muy c\u00f3modo para sentarse<\/p>\n<p>&#8211; MEDIDAS 120 x 75 x 70<\/p>\n<blockquote><p><em><strong>(silla alas de \u00e1guila) Silla hist\u00f3rica alas de \u00e1guila en sus brazos<\/strong><\/em><\/p><\/blockquote>\n","protected":false},"featured_media":4825,"comment_status":"open","ping_status":"closed","template":"","meta":{"_mi_skip_tracking":false},"product_cat":[164],"product_tag":[],"class_list":["post-4824","product","type-product","status-publish","has-post-thumbnail","hentry","product_cat-silla"],"_links":{"self":[{"href":"https:\/\/www.arkegypt.com\/es\/wp-json\/wp\/v2\/product\/4824","targetHints":{"allow":["GET"]}}],"collection":[{"href":"https:\/\/www.arkegypt.com\/es\/wp-json\/wp\/v2\/product"}],"about":[{"href":"https:\/\/www.arkegypt.com\/es\/wp-json\/wp\/v2\/types\/product"}],"replies":[{"embeddable":true,"href":"https:\/\/www.arkegypt.com\/es\/wp-json\/wp\/v2\/comments?post=4824"}],"wp:featuredmedia":[{"embeddable":true,"href":"https:\/\/www.arkegypt.com\/es\/wp-json\/wp\/v2\/media\/4825"}],"wp:attachment":[{"href":"https:\/\/www.arkegypt.com\/es\/wp-json\/wp\/v2\/media?parent=4824"}],"wp:term":[{"taxonomy":"product_cat","embeddable":true,"href":"https:\/\/www.arkegypt.com\/es\/wp-json\/wp\/v2\/product_cat?post=4824"},{"taxonomy":"product_tag","embeddable":true,"href":"https:\/\/www.arkegypt.com\/es\/wp-json\/wp\/v2\/product_tag?post=4824"}],"curies":[{"name":"wp","href":"https:\/\/api.w.org\/{rel}","templated":true}]}}