{"id":4861,"date":"2022-04-04T15:54:29","date_gmt":"2022-04-04T13:54:29","guid":{"rendered":"https:\/\/www.arkegypt.com\/?post_type=product&#038;p=4861"},"modified":"2022-07-04T16:36:41","modified_gmt":"2022-07-04T14:36:41","slug":"consola-de-pan-de-oro-consola-francesa-con-espejo-en-forma-de-hoja-90-x-115-x-45-x-105","status":"publish","type":"product","link":"https:\/\/www.arkegypt.com\/es\/product\/consola-de-pan-de-oro-consola-francesa-con-espejo-en-forma-de-hoja-90-x-115-x-45-x-105\/","title":{"rendered":"(Consola de pan de oro) Consola francesa con espejo en forma de hoja 90 x 115 x 45 x 105"},"content":{"rendered":"","protected":false},"excerpt":{"rendered":"<p>&#8211; Consola de lujo con espejo en forma de follaje dorado, este producto es uno de nuestros dise\u00f1os inspirados en la civilizaci\u00f3n francesa<\/p>\n<p>&#8211; Fabricado por los artesanos m\u00e1s expertos en la industria artesanal<\/p>\n<p>&#8211; Este elemento est\u00e1 inspirado en palacios franceses y arte cl\u00e1sico franc\u00e9s antiguo<\/p>\n<p>\u2013 Este producto es un dise\u00f1o especial inspirado en el arte franc\u00e9s y la antig\u00fcedad<\/p>\n<p>&#8211; Consola de lujo con un espejo alegre y elegante que crea la sensaci\u00f3n de estar en un castillo franc\u00e9s del siglo XVIII<\/p>\n<p>&#8211; Tama\u00f1o 90 x 115 x 45 x 105, estructura de madera natural con la adici\u00f3n de todos los trabajos de grabado en madera, resina y espejos de 4 mm de los mejores tipos de espejos con pinturas de alta calidad y respetuosas con el medio ambiente<\/p>\n<blockquote><p><em><strong>(Consola de pan de oro) Consola francesa con espejo en forma de hoja<\/strong><\/em><\/p><\/blockquote>\n","protected":false},"featured_media":4857,"comment_status":"open","ping_status":"closed","template":"","meta":{"_mi_skip_tracking":false},"product_cat":[167],"product_tag":[],"class_list":["post-4861","product","type-product","status-publish","has-post-thumbnail","hentry","product_cat-espejo"],"_links":{"self":[{"href":"https:\/\/www.arkegypt.com\/es\/wp-json\/wp\/v2\/product\/4861","targetHints":{"allow":["GET"]}}],"collection":[{"href":"https:\/\/www.arkegypt.com\/es\/wp-json\/wp\/v2\/product"}],"about":[{"href":"https:\/\/www.arkegypt.com\/es\/wp-json\/wp\/v2\/types\/product"}],"replies":[{"embeddable":true,"href":"https:\/\/www.arkegypt.com\/es\/wp-json\/wp\/v2\/comments?post=4861"}],"wp:featuredmedia":[{"embeddable":true,"href":"https:\/\/www.arkegypt.com\/es\/wp-json\/wp\/v2\/media\/4857"}],"wp:attachment":[{"href":"https:\/\/www.arkegypt.com\/es\/wp-json\/wp\/v2\/media?parent=4861"}],"wp:term":[{"taxonomy":"product_cat","embeddable":true,"href":"https:\/\/www.arkegypt.com\/es\/wp-json\/wp\/v2\/product_cat?post=4861"},{"taxonomy":"product_tag","embeddable":true,"href":"https:\/\/www.arkegypt.com\/es\/wp-json\/wp\/v2\/product_tag?post=4861"}],"curies":[{"name":"wp","href":"https:\/\/api.w.org\/{rel}","templated":true}]}}