{"id":4878,"date":"2022-04-04T15:42:34","date_gmt":"2022-04-04T13:42:34","guid":{"rendered":"https:\/\/www.arkegypt.com\/?post_type=product&#038;p=4878"},"modified":"2022-07-04T16:56:18","modified_gmt":"2022-07-04T14:56:18","slug":"plantilla-de-flores-espejo-ovalado-decorado-con-rosas-100-x-70","status":"publish","type":"product","link":"https:\/\/www.arkegypt.com\/es\/product\/plantilla-de-flores-espejo-ovalado-decorado-con-rosas-100-x-70\/","title":{"rendered":"(plantilla de flores) Espejo ovalado decorado con rosas 100 x 70"},"content":{"rendered":"","protected":false},"excerpt":{"rendered":"<p>&#8211; Este elemento est\u00e1 inspirado en los palacios franceses y el arte cl\u00e1sico franc\u00e9s antiguo<\/p>\n<p>&#8211; Fabricado por los artesanos m\u00e1s expertos en la industria artesanal<\/p>\n<p>\u2013 Este producto es un dise\u00f1o especial inspirado en el arte franc\u00e9s y la antig\u00fcedad<\/p>\n<p>&#8211; Dise\u00f1o encantador y flores que tienen brillo y belleza<\/p>\n<p>\u2013 Este producto es un dise\u00f1o especial inspirado en el arte franc\u00e9s y la antig\u00fcedad realizado por los m\u00e1s h\u00e1biles fabricantes de muebles cl\u00e1sicos hechos a mano<\/p>\n<p>&#8211; tama\u00f1o 100 x 70 Estructura de madera natural con la adici\u00f3n de todo el trabajo de grabado en el material de madera resina y espejo de 4 mm Uno de los mejores tipos de espejos con pinturas de alta calidad y respetuosas con el medio ambiente<\/p>\n<blockquote><p><em><strong>(plantilla de flores) Espejo ovalado decorado con rosas<\/strong><\/em><\/p><\/blockquote>\n","protected":false},"featured_media":4875,"comment_status":"open","ping_status":"closed","template":"","meta":{"_mi_skip_tracking":false},"product_cat":[167],"product_tag":[],"class_list":["post-4878","product","type-product","status-publish","has-post-thumbnail","hentry","product_cat-espejo"],"_links":{"self":[{"href":"https:\/\/www.arkegypt.com\/es\/wp-json\/wp\/v2\/product\/4878","targetHints":{"allow":["GET"]}}],"collection":[{"href":"https:\/\/www.arkegypt.com\/es\/wp-json\/wp\/v2\/product"}],"about":[{"href":"https:\/\/www.arkegypt.com\/es\/wp-json\/wp\/v2\/types\/product"}],"replies":[{"embeddable":true,"href":"https:\/\/www.arkegypt.com\/es\/wp-json\/wp\/v2\/comments?post=4878"}],"wp:featuredmedia":[{"embeddable":true,"href":"https:\/\/www.arkegypt.com\/es\/wp-json\/wp\/v2\/media\/4875"}],"wp:attachment":[{"href":"https:\/\/www.arkegypt.com\/es\/wp-json\/wp\/v2\/media?parent=4878"}],"wp:term":[{"taxonomy":"product_cat","embeddable":true,"href":"https:\/\/www.arkegypt.com\/es\/wp-json\/wp\/v2\/product_cat?post=4878"},{"taxonomy":"product_tag","embeddable":true,"href":"https:\/\/www.arkegypt.com\/es\/wp-json\/wp\/v2\/product_tag?post=4878"}],"curies":[{"name":"wp","href":"https:\/\/api.w.org\/{rel}","templated":true}]}}