{"id":4890,"date":"2022-04-04T15:39:46","date_gmt":"2022-04-04T13:39:46","guid":{"rendered":"https:\/\/www.arkegypt.com\/?post_type=product&#038;p=4890"},"modified":"2022-07-04T17:45:06","modified_gmt":"2022-07-04T15:45:06","slug":"espejo-del-templo-de-luxor-un-espejo-de-nuestro-diseno-inspirado-en-la-antigua-epoca-faraonica-del-templo-de-al-qusour-74-x-51","status":"publish","type":"product","link":"https:\/\/www.arkegypt.com\/es\/product\/espejo-del-templo-de-luxor-un-espejo-de-nuestro-diseno-inspirado-en-la-antigua-epoca-faraonica-del-templo-de-al-qusour-74-x-51\/","title":{"rendered":"(Espejo del Templo de Luxor) Un espejo de nuestro dise\u00f1o inspirado en la antigua \u00e9poca fara\u00f3nica del Templo de Al-Qusour 74 x 51"},"content":{"rendered":"","protected":false},"excerpt":{"rendered":"<p>&#8211; Espejo inspirado en la antigua \u00e9poca fara\u00f3nica y del Templo de Luxor<\/p>\n<p>&#8211; Fabricado por los artesanos m\u00e1s expertos en la industria artesanal<\/p>\n<p>&#8211; Un espejo que expresa la belleza de la \u00e9poca fara\u00f3nica y la belleza de los templos del antiguo Egipto<\/p>\n<p>\u2013 Este producto es un dise\u00f1o especial inspirado en el arte franc\u00e9s y la antig\u00fcedad realizado por los m\u00e1s h\u00e1biles fabricantes de muebles cl\u00e1sicos hechos a mano<\/p>\n<p>&#8211; tama\u00f1o 74 x 51 Estructura de madera natural con la adici\u00f3n de todo el trabajo de grabado en el material de madera resina y espejo de 4 mm Uno de los mejores tipos de espejos con pinturas de alta calidad y respetuosas con el medio ambiente.<\/p>\n<blockquote><p><strong><em>(Espejo del Templo de Luxor) Un espejo de nuestro dise\u00f1o inspirado en la antigua \u00e9poca fara\u00f3nica del Templo de Al-Qusour<\/em><\/strong><\/p><\/blockquote>\n","protected":false},"featured_media":4883,"comment_status":"open","ping_status":"closed","template":"","meta":{"_mi_skip_tracking":false},"product_cat":[167],"product_tag":[],"class_list":["post-4890","product","type-product","status-publish","has-post-thumbnail","hentry","product_cat-espejo"],"_links":{"self":[{"href":"https:\/\/www.arkegypt.com\/es\/wp-json\/wp\/v2\/product\/4890","targetHints":{"allow":["GET"]}}],"collection":[{"href":"https:\/\/www.arkegypt.com\/es\/wp-json\/wp\/v2\/product"}],"about":[{"href":"https:\/\/www.arkegypt.com\/es\/wp-json\/wp\/v2\/types\/product"}],"replies":[{"embeddable":true,"href":"https:\/\/www.arkegypt.com\/es\/wp-json\/wp\/v2\/comments?post=4890"}],"wp:featuredmedia":[{"embeddable":true,"href":"https:\/\/www.arkegypt.com\/es\/wp-json\/wp\/v2\/media\/4883"}],"wp:attachment":[{"href":"https:\/\/www.arkegypt.com\/es\/wp-json\/wp\/v2\/media?parent=4890"}],"wp:term":[{"taxonomy":"product_cat","embeddable":true,"href":"https:\/\/www.arkegypt.com\/es\/wp-json\/wp\/v2\/product_cat?post=4890"},{"taxonomy":"product_tag","embeddable":true,"href":"https:\/\/www.arkegypt.com\/es\/wp-json\/wp\/v2\/product_tag?post=4890"}],"curies":[{"name":"wp","href":"https:\/\/api.w.org\/{rel}","templated":true}]}}