{"id":4902,"date":"2019-06-16T13:09:13","date_gmt":"2019-06-16T11:09:13","guid":{"rendered":"https:\/\/www.arkegypt.com\/?post_type=product&#038;p=4902"},"modified":"2022-07-07T17:30:46","modified_gmt":"2022-07-07T15:30:46","slug":"cama-de-ramitas-doradas-cama-de-la-antigua-herencia-italiana","status":"publish","type":"product","link":"https:\/\/www.arkegypt.com\/es\/product\/cama-de-ramitas-doradas-cama-de-la-antigua-herencia-italiana\/","title":{"rendered":"(Cama de ramitas doradas ) Cama de la antigua herencia italiana"},"content":{"rendered":"","protected":false},"excerpt":{"rendered":"<p>&#8211; Una cama modelo italiana de materiales lujosos y un dise\u00f1o distintivo que indica lujo y herencia, inspirada en los palacios italianos y la antigua herencia italiana.<\/p>\n<p>&#8211; Fabricado por los artesanos m\u00e1s expertos en la industria artesanal.<\/p>\n<p>\u2013 Este producto es un dise\u00f1o especial inspirado en el arte italiano y la antig\u00fcedad realizado por los m\u00e1s h\u00e1biles fabricantes de muebles cl\u00e1sicos hechos a mano.<\/p>\n<p>&#8211; Estructura de madera natural con la adici\u00f3n de todos los trabajos de grabado en madera, resina y pinturas ecol\u00f3gicas<\/p>\n<blockquote><p><em><strong>(Cama de ramitas doradas ) Cama de la antigua herencia italiana<\/strong><\/em><\/p><\/blockquote>\n","protected":false},"featured_media":2850,"comment_status":"open","ping_status":"closed","template":"","meta":{"_mi_skip_tracking":false},"product_cat":[162],"product_tag":[],"class_list":["post-4902","product","type-product","status-publish","has-post-thumbnail","hentry","product_cat-cama"],"_links":{"self":[{"href":"https:\/\/www.arkegypt.com\/es\/wp-json\/wp\/v2\/product\/4902","targetHints":{"allow":["GET"]}}],"collection":[{"href":"https:\/\/www.arkegypt.com\/es\/wp-json\/wp\/v2\/product"}],"about":[{"href":"https:\/\/www.arkegypt.com\/es\/wp-json\/wp\/v2\/types\/product"}],"replies":[{"embeddable":true,"href":"https:\/\/www.arkegypt.com\/es\/wp-json\/wp\/v2\/comments?post=4902"}],"wp:featuredmedia":[{"embeddable":true,"href":"https:\/\/www.arkegypt.com\/es\/wp-json\/wp\/v2\/media\/2850"}],"wp:attachment":[{"href":"https:\/\/www.arkegypt.com\/es\/wp-json\/wp\/v2\/media?parent=4902"}],"wp:term":[{"taxonomy":"product_cat","embeddable":true,"href":"https:\/\/www.arkegypt.com\/es\/wp-json\/wp\/v2\/product_cat?post=4902"},{"taxonomy":"product_tag","embeddable":true,"href":"https:\/\/www.arkegypt.com\/es\/wp-json\/wp\/v2\/product_tag?post=4902"}],"curies":[{"name":"wp","href":"https:\/\/api.w.org\/{rel}","templated":true}]}}