{"id":4923,"date":"2019-08-20T09:40:37","date_gmt":"2019-08-20T07:40:37","guid":{"rendered":"https:\/\/www.arkegypt.com\/?post_type=product&#038;p=4923"},"modified":"2022-07-06T12:53:07","modified_gmt":"2022-07-06T10:53:07","slug":"cama-de-maria-princesa-real-cama-de-maria-princesa-herencia-real-de-los-franceses","status":"publish","type":"product","link":"https:\/\/www.arkegypt.com\/es\/product\/cama-de-maria-princesa-real-cama-de-maria-princesa-herencia-real-de-los-franceses\/","title":{"rendered":"(Cama de Mar\u00eda princesa real) Cama de Mar\u00eda, Princesa Herencia Real de los franceses"},"content":{"rendered":"","protected":false},"excerpt":{"rendered":"<p>&#8211; Una cama antigua para la Princesa Mar\u00eda, Princesa Real, que fue Princesa de Urania y Condesa de Nassau, consorte por su matrimonio con Guillermo II, Pr\u00edncipe de Urania, la hija mayor de Carlos I, Rey de Inglaterra.<\/p>\n<p>&#8211; Fabricado por los artesanos m\u00e1s expertos en la industria artesanal.<\/p>\n<p>\u2013 Este producto es un dise\u00f1o especial inspirado en el arte franc\u00e9s y la antig\u00fcedad.<\/p>\n<p>\u2013 Este producto es un dise\u00f1o especial inspirado en el arte franc\u00e9s y la antig\u00fcedad realizado por los m\u00e1s h\u00e1biles fabricantes de muebles cl\u00e1sicos hechos a mano.<\/p>\n<p>&#8211; Estructura de madera natural con la adici\u00f3n de todos los trabajos de grabado en madera y resina y cubierto con una capa de cuero natural y pinturas ecol\u00f3gicas.<\/p>\n<blockquote><p><em><strong>(Cama de Mar\u00eda princesa real) Cama de Mar\u00eda, Princesa Herencia Real de los franceses<\/strong><\/em><\/p><\/blockquote>\n","protected":false},"featured_media":2835,"comment_status":"open","ping_status":"closed","template":"","meta":{"_mi_skip_tracking":false},"product_cat":[162],"product_tag":[],"class_list":["post-4923","product","type-product","status-publish","has-post-thumbnail","hentry","product_cat-cama"],"_links":{"self":[{"href":"https:\/\/www.arkegypt.com\/es\/wp-json\/wp\/v2\/product\/4923","targetHints":{"allow":["GET"]}}],"collection":[{"href":"https:\/\/www.arkegypt.com\/es\/wp-json\/wp\/v2\/product"}],"about":[{"href":"https:\/\/www.arkegypt.com\/es\/wp-json\/wp\/v2\/types\/product"}],"replies":[{"embeddable":true,"href":"https:\/\/www.arkegypt.com\/es\/wp-json\/wp\/v2\/comments?post=4923"}],"wp:featuredmedia":[{"embeddable":true,"href":"https:\/\/www.arkegypt.com\/es\/wp-json\/wp\/v2\/media\/2835"}],"wp:attachment":[{"href":"https:\/\/www.arkegypt.com\/es\/wp-json\/wp\/v2\/media?parent=4923"}],"wp:term":[{"taxonomy":"product_cat","embeddable":true,"href":"https:\/\/www.arkegypt.com\/es\/wp-json\/wp\/v2\/product_cat?post=4923"},{"taxonomy":"product_tag","embeddable":true,"href":"https:\/\/www.arkegypt.com\/es\/wp-json\/wp\/v2\/product_tag?post=4923"}],"curies":[{"name":"wp","href":"https:\/\/api.w.org\/{rel}","templated":true}]}}