{"id":4940,"date":"2019-06-16T12:50:17","date_gmt":"2019-06-16T10:50:17","guid":{"rendered":"https:\/\/www.arkegypt.com\/?post_type=product&#038;p=4940"},"modified":"2022-07-07T17:35:52","modified_gmt":"2022-07-07T15:35:52","slug":"buffet-frances-luis-xvi-antiguo-buffet-frances-de-las-posesiones-del-rey-luis-xvi","status":"publish","type":"product","link":"https:\/\/www.arkegypt.com\/es\/product\/buffet-frances-luis-xvi-antiguo-buffet-frances-de-las-posesiones-del-rey-luis-xvi\/","title":{"rendered":"(Buffet franc\u00e9s Luis XVI) Antiguo buffet franc\u00e9s de las posesiones del rey Luis XVI"},"content":{"rendered":"","protected":false},"excerpt":{"rendered":"<p>-Lujoso buffet de las posesiones del rey Luis XVI de Francia, y es una de las valiosas antig\u00fcedades.<\/p>\n<p>-Fabricado por los artesanos m\u00e1s expertos en la industria artesanal.<\/p>\n<p>\u2013 Este producto es un dise\u00f1o especial inspirado en el arte y la antig\u00fcedad francesa<\/p>\n<p>\u2013 Este producto es un dise\u00f1o especial inspirado en el arte y la antig\u00fcedad chinos hecho por los m\u00e1s h\u00e1biles fabricantes de muebles artesanales cl\u00e1sicos.<\/p>\n<p>\u2013 Estructura de madera natural con la adici\u00f3n de todos los trabajos de grabado en madera y resina. Se eligi\u00f3 un cobre lujosamente adecuado y pinturas respetuosas con el medio ambiente.<\/p>\n<blockquote><p><em><strong>(Buffet franc\u00e9s Luis XVI) Antiguo buffet franc\u00e9s de las posesiones del rey Luis XVI<\/strong><\/em><\/p><\/blockquote>\n","protected":false},"featured_media":2799,"comment_status":"open","ping_status":"closed","template":"","meta":{"_mi_skip_tracking":false},"product_cat":[163],"product_tag":[],"class_list":["post-4940","product","type-product","status-publish","has-post-thumbnail","hentry","product_cat-buffets-es"],"_links":{"self":[{"href":"https:\/\/www.arkegypt.com\/es\/wp-json\/wp\/v2\/product\/4940","targetHints":{"allow":["GET"]}}],"collection":[{"href":"https:\/\/www.arkegypt.com\/es\/wp-json\/wp\/v2\/product"}],"about":[{"href":"https:\/\/www.arkegypt.com\/es\/wp-json\/wp\/v2\/types\/product"}],"replies":[{"embeddable":true,"href":"https:\/\/www.arkegypt.com\/es\/wp-json\/wp\/v2\/comments?post=4940"}],"wp:featuredmedia":[{"embeddable":true,"href":"https:\/\/www.arkegypt.com\/es\/wp-json\/wp\/v2\/media\/2799"}],"wp:attachment":[{"href":"https:\/\/www.arkegypt.com\/es\/wp-json\/wp\/v2\/media?parent=4940"}],"wp:term":[{"taxonomy":"product_cat","embeddable":true,"href":"https:\/\/www.arkegypt.com\/es\/wp-json\/wp\/v2\/product_cat?post=4940"},{"taxonomy":"product_tag","embeddable":true,"href":"https:\/\/www.arkegypt.com\/es\/wp-json\/wp\/v2\/product_tag?post=4940"}],"curies":[{"name":"wp","href":"https:\/\/api.w.org\/{rel}","templated":true}]}}