{"id":5024,"date":"2022-04-04T14:11:51","date_gmt":"2022-04-04T12:11:51","guid":{"rendered":"https:\/\/www.arkegypt.com\/?post_type=product&#038;p=5024"},"modified":"2022-07-05T10:56:32","modified_gmt":"2022-07-05T08:56:32","slug":"mesa-francesa-de-cristal-lujosa-mesa-de-madera-con-cristal-macizo-60-x-61","status":"publish","type":"product","link":"https:\/\/www.arkegypt.com\/es\/product\/mesa-francesa-de-cristal-lujosa-mesa-de-madera-con-cristal-macizo-60-x-61\/","title":{"rendered":"(Mesa francesa de cristal) Lujosa mesa de madera con cristal macizo 60 x 61"},"content":{"rendered":"","protected":false},"excerpt":{"rendered":"<p>\u2013Una mesa de madera de nuestra industria, inspirada en la civilizaci\u00f3n francesa, con una forma lujosa que te parece como si estuvieras mirando una mesa con lujosos cristales con cristal macizo y macizo<\/p>\n<p>-Fabricado por los artesanos m\u00e1s expertos en la industria artesanal.<\/p>\n<p>\u2013 Este producto es un dise\u00f1o especial inspirado en el arte y la antig\u00fcedad francesa<\/p>\n<p>\u2013 Este producto es un dise\u00f1o especial inspirado en el arte y la antig\u00fcedad franceses realizado por los m\u00e1s h\u00e1biles fabricantes de muebles artesanales cl\u00e1sicos.<\/p>\n<p>\u2013 Tama\u00f1o 60 x 61, estructura de madera natural con el agregado de todos los trabajos de grabado en madera, resina y vidrio de primera calidad vidrio y pinturas ecol\u00f3gicas<\/p>\n<blockquote><p><strong>(Mesa francesa de cristal) Lujosa mesa de madera con cristal macizo<\/strong><\/p><\/blockquote>\n","protected":false},"featured_media":5019,"comment_status":"open","ping_status":"closed","template":"","meta":{"_mi_skip_tracking":false},"product_cat":[171],"product_tag":[],"class_list":["post-5024","product","type-product","status-publish","has-post-thumbnail","hentry","product_cat-mesa"],"_links":{"self":[{"href":"https:\/\/www.arkegypt.com\/es\/wp-json\/wp\/v2\/product\/5024","targetHints":{"allow":["GET"]}}],"collection":[{"href":"https:\/\/www.arkegypt.com\/es\/wp-json\/wp\/v2\/product"}],"about":[{"href":"https:\/\/www.arkegypt.com\/es\/wp-json\/wp\/v2\/types\/product"}],"replies":[{"embeddable":true,"href":"https:\/\/www.arkegypt.com\/es\/wp-json\/wp\/v2\/comments?post=5024"}],"wp:featuredmedia":[{"embeddable":true,"href":"https:\/\/www.arkegypt.com\/es\/wp-json\/wp\/v2\/media\/5019"}],"wp:attachment":[{"href":"https:\/\/www.arkegypt.com\/es\/wp-json\/wp\/v2\/media?parent=5024"}],"wp:term":[{"taxonomy":"product_cat","embeddable":true,"href":"https:\/\/www.arkegypt.com\/es\/wp-json\/wp\/v2\/product_cat?post=5024"},{"taxonomy":"product_tag","embeddable":true,"href":"https:\/\/www.arkegypt.com\/es\/wp-json\/wp\/v2\/product_tag?post=5024"}],"curies":[{"name":"wp","href":"https:\/\/api.w.org\/{rel}","templated":true}]}}