{"id":5032,"date":"2022-04-04T09:56:34","date_gmt":"2022-04-04T07:56:34","guid":{"rendered":"https:\/\/www.arkegypt.com\/?post_type=product&#038;p=5032"},"modified":"2022-07-05T11:15:57","modified_gmt":"2022-07-05T09:15:57","slug":"%d0%be%d0%b3%d0%bb%d0%b5%d0%b4%d0%b0%d0%bb%d0%be-%d0%b8%d0%b7-%d0%b7%d0%bb%d0%b0%d1%82%d0%bd%d0%be%d0%b3-%d0%b4%d0%be%d0%b1%d0%b0-%d0%bb%d1%83%d0%ba%d1%81%d1%83%d0%b7%d0%bd%d0%be-%d0%b7%d0%bb%d0%b0","status":"publish","type":"product","link":"https:\/\/www.arkegypt.com\/es\/product\/%d0%be%d0%b3%d0%bb%d0%b5%d0%b4%d0%b0%d0%bb%d0%be-%d0%b8%d0%b7-%d0%b7%d0%bb%d0%b0%d1%82%d0%bd%d0%be%d0%b3-%d0%b4%d0%be%d0%b1%d0%b0-%d0%bb%d1%83%d0%ba%d1%81%d1%83%d0%b7%d0%bd%d0%be-%d0%b7%d0%bb%d0%b0\/","title":{"rendered":"(Espejo de la \u00e9poca dorada) Lujoso espejo dorado de forma ovalada 110 X 80"},"content":{"rendered":"","protected":false},"excerpt":{"rendered":"<p>-Espejo rectangular de forma lujosa y \u00fanica, como si viniera de una \u00e9poca dorada<\/p>\n<p>-Fabricado por los artesanos m\u00e1s expertos en la industria artesanal.<\/p>\n<p>-Este elemento est\u00e1 inspirado en los palacios franceses y el arte franc\u00e9s antiguo cl\u00e1sico.<\/p>\n<p>\u2013 Este producto es un dise\u00f1o especial inspirado en el arte y la antig\u00fcedad francesa<\/p>\n<p>\u2013 Un espejo alegre y elegante que da la sensaci\u00f3n de estar en un palacio franc\u00e9s del siglo XVIII<\/p>\n<blockquote><p><strong><em>(Espejo de la \u00e9poca dorada) Lujoso espejo dorado de forma ovalada<\/em><\/strong><\/p><\/blockquote>\n","protected":false},"featured_media":5029,"comment_status":"open","ping_status":"closed","template":"","meta":{"_mi_skip_tracking":false},"product_cat":[167],"product_tag":[],"class_list":["post-5032","product","type-product","status-publish","has-post-thumbnail","hentry","product_cat-espejo"],"_links":{"self":[{"href":"https:\/\/www.arkegypt.com\/es\/wp-json\/wp\/v2\/product\/5032","targetHints":{"allow":["GET"]}}],"collection":[{"href":"https:\/\/www.arkegypt.com\/es\/wp-json\/wp\/v2\/product"}],"about":[{"href":"https:\/\/www.arkegypt.com\/es\/wp-json\/wp\/v2\/types\/product"}],"replies":[{"embeddable":true,"href":"https:\/\/www.arkegypt.com\/es\/wp-json\/wp\/v2\/comments?post=5032"}],"wp:featuredmedia":[{"embeddable":true,"href":"https:\/\/www.arkegypt.com\/es\/wp-json\/wp\/v2\/media\/5029"}],"wp:attachment":[{"href":"https:\/\/www.arkegypt.com\/es\/wp-json\/wp\/v2\/media?parent=5032"}],"wp:term":[{"taxonomy":"product_cat","embeddable":true,"href":"https:\/\/www.arkegypt.com\/es\/wp-json\/wp\/v2\/product_cat?post=5032"},{"taxonomy":"product_tag","embeddable":true,"href":"https:\/\/www.arkegypt.com\/es\/wp-json\/wp\/v2\/product_tag?post=5032"}],"curies":[{"name":"wp","href":"https:\/\/api.w.org\/{rel}","templated":true}]}}