{"id":5040,"date":"2022-04-04T09:53:07","date_gmt":"2022-04-04T07:53:07","guid":{"rendered":"https:\/\/www.arkegypt.com\/?post_type=product&#038;p=5040"},"modified":"2022-07-05T11:23:24","modified_gmt":"2022-07-05T09:23:24","slug":"lazo-dorado-espejo-rectangular-con-un-lazo-dorado-rodeandolo-110-x-75","status":"publish","type":"product","link":"https:\/\/www.arkegypt.com\/es\/product\/lazo-dorado-espejo-rectangular-con-un-lazo-dorado-rodeandolo-110-x-75\/","title":{"rendered":"(lazo dorado) Espejo rectangular con un lazo dorado rode\u00e1ndolo 110 x 75"},"content":{"rendered":"","protected":false},"excerpt":{"rendered":"<p>Espejo dorado \u00fanico y con algunos collares de oro con formas encantadoras.<\/p>\n<p>-Fabricado por los artesanos m\u00e1s expertos en la industria artesanal.<\/p>\n<p>-Este elemento est\u00e1 inspirado en los palacios franceses y el arte franc\u00e9s antiguo cl\u00e1sico.<\/p>\n<p>\u2013 Este producto es un dise\u00f1o especial inspirado en el arte y la antig\u00fcedad francesa<\/p>\n<p>\u2013 Un espejo alegre y elegante que da la sensaci\u00f3n de estar en un palacio franc\u00e9s del siglo XVIII<\/p>\n<p>-tama\u00f1o 110 x 75 Estructura de madera natural con la adici\u00f3n de todo el trabajo de grabado en el material de madera resina y espejo 4 mm Uno de los mejores tipos de espejos con pinturas de alta calidad y respetuosas con el medio ambiente<\/p>\n<blockquote><p><em><strong>(lazo dorado) Espejo rectangular con un lazo dorado rode\u00e1ndolo<\/strong><\/em><\/p><\/blockquote>\n","protected":false},"featured_media":5037,"comment_status":"open","ping_status":"closed","template":"","meta":{"_mi_skip_tracking":false},"product_cat":[167],"product_tag":[],"class_list":["post-5040","product","type-product","status-publish","has-post-thumbnail","hentry","product_cat-espejo"],"_links":{"self":[{"href":"https:\/\/www.arkegypt.com\/es\/wp-json\/wp\/v2\/product\/5040","targetHints":{"allow":["GET"]}}],"collection":[{"href":"https:\/\/www.arkegypt.com\/es\/wp-json\/wp\/v2\/product"}],"about":[{"href":"https:\/\/www.arkegypt.com\/es\/wp-json\/wp\/v2\/types\/product"}],"replies":[{"embeddable":true,"href":"https:\/\/www.arkegypt.com\/es\/wp-json\/wp\/v2\/comments?post=5040"}],"wp:featuredmedia":[{"embeddable":true,"href":"https:\/\/www.arkegypt.com\/es\/wp-json\/wp\/v2\/media\/5037"}],"wp:attachment":[{"href":"https:\/\/www.arkegypt.com\/es\/wp-json\/wp\/v2\/media?parent=5040"}],"wp:term":[{"taxonomy":"product_cat","embeddable":true,"href":"https:\/\/www.arkegypt.com\/es\/wp-json\/wp\/v2\/product_cat?post=5040"},{"taxonomy":"product_tag","embeddable":true,"href":"https:\/\/www.arkegypt.com\/es\/wp-json\/wp\/v2\/product_tag?post=5040"}],"curies":[{"name":"wp","href":"https:\/\/api.w.org\/{rel}","templated":true}]}}