{"id":5081,"date":"2022-04-03T16:39:12","date_gmt":"2022-04-03T14:39:12","guid":{"rendered":"https:\/\/www.arkegypt.com\/?post_type=product&#038;p=5081"},"modified":"2022-07-05T12:02:41","modified_gmt":"2022-07-05T10:02:41","slug":"una-mesa-de-un-palacio-frances-mesa-de-madera-maciza-con-chapa-natural-y-atractivos-colores-naturales-85-x-110","status":"publish","type":"product","link":"https:\/\/www.arkegypt.com\/es\/product\/una-mesa-de-un-palacio-frances-mesa-de-madera-maciza-con-chapa-natural-y-atractivos-colores-naturales-85-x-110\/","title":{"rendered":"(Una mesa de un palacio franc\u00e9s) Mesa de madera maciza con chapa natural y atractivos colores naturales 85 x 110"},"content":{"rendered":"","protected":false},"excerpt":{"rendered":"<p>-Una mesa de madera de nuestras industrias inspirada en la civilizaci\u00f3n francesa con un lujoso enchapado natural y colores atractivos que dan la impresi\u00f3n de que es de un palacio franc\u00e9s<\/p>\n<p>-Fabricado por los artesanos m\u00e1s expertos en la industria artesanal.<\/p>\n<p>\u2013 Este elemento est\u00e1 inspirado en los palacios franceses y el antiguo arte cl\u00e1sico franc\u00e9s.<\/p>\n<p>\u2013 Este producto es un dise\u00f1o especial inspirado en el arte y la antig\u00fcedad francesa<\/p>\n<p>\u2013 Una mesa suntuosa crea la sensaci\u00f3n de estar en un castillo franc\u00e9s del siglo XVIII.<\/p>\n<p>\u2013 Tama\u00f1o 85 x 110, Estructura de madera natural con la adici\u00f3n de todos los trabajos de grabado en madera y resina y una lujosa chapa natural de los tipos m\u00e1s finos y con pinturas de alta calidad y respetuosas con el medio ambiente.<\/p>\n<blockquote><p><strong>(Una mesa de un palacio franc\u00e9s) Mesa de madera maciza con chapa natural y atractivos colores naturales<\/strong><\/p><\/blockquote>\n","protected":false},"featured_media":5078,"comment_status":"open","ping_status":"closed","template":"","meta":{"_mi_skip_tracking":false},"product_cat":[171],"product_tag":[],"class_list":["post-5081","product","type-product","status-publish","has-post-thumbnail","hentry","product_cat-mesa"],"_links":{"self":[{"href":"https:\/\/www.arkegypt.com\/es\/wp-json\/wp\/v2\/product\/5081","targetHints":{"allow":["GET"]}}],"collection":[{"href":"https:\/\/www.arkegypt.com\/es\/wp-json\/wp\/v2\/product"}],"about":[{"href":"https:\/\/www.arkegypt.com\/es\/wp-json\/wp\/v2\/types\/product"}],"replies":[{"embeddable":true,"href":"https:\/\/www.arkegypt.com\/es\/wp-json\/wp\/v2\/comments?post=5081"}],"wp:featuredmedia":[{"embeddable":true,"href":"https:\/\/www.arkegypt.com\/es\/wp-json\/wp\/v2\/media\/5078"}],"wp:attachment":[{"href":"https:\/\/www.arkegypt.com\/es\/wp-json\/wp\/v2\/media?parent=5081"}],"wp:term":[{"taxonomy":"product_cat","embeddable":true,"href":"https:\/\/www.arkegypt.com\/es\/wp-json\/wp\/v2\/product_cat?post=5081"},{"taxonomy":"product_tag","embeddable":true,"href":"https:\/\/www.arkegypt.com\/es\/wp-json\/wp\/v2\/product_tag?post=5081"}],"curies":[{"name":"wp","href":"https:\/\/api.w.org\/{rel}","templated":true}]}}