{"id":5093,"date":"2022-04-03T16:26:29","date_gmt":"2022-04-03T14:26:29","guid":{"rendered":"https:\/\/www.arkegypt.com\/?post_type=product&#038;p=5093"},"modified":"2022-07-05T12:12:24","modified_gmt":"2022-07-05T10:12:24","slug":"escritorio-frances-luis-xv-con-tapa-enrollable-escritorio-frances-luis-xv-con-tapa-enrollable-mesa-de-escritura-muebles-con-incrustaciones-110-x-100-50-x-45","status":"publish","type":"product","link":"https:\/\/www.arkegypt.com\/es\/product\/escritorio-frances-luis-xv-con-tapa-enrollable-escritorio-frances-luis-xv-con-tapa-enrollable-mesa-de-escritura-muebles-con-incrustaciones-110-x-100-50-x-45\/","title":{"rendered":"(Escritorio franc\u00e9s Luis XV con tapa enrollable) Escritorio franc\u00e9s Luis XV con tapa enrollable Mesa de escritura Muebles con incrustaciones 110 x 100    50 x 45"},"content":{"rendered":"","protected":false},"excerpt":{"rendered":"<p>\u2013 Magn\u00edfico escritorio franc\u00e9s estilo Luis XV con tapa enrollable en kingwood<\/p>\n<p>\u2013 Intrincado trabajo de incrustaciones de marqueter\u00eda en todos los lados, sorprendentes motivos florales y arabescos.<\/p>\n<p>\u2013 La superficie de escritura se revela a trav\u00e9s del sistema de tapa enrollable<\/p>\n<p>&#8211; un mont\u00f3n de cub\u00edculos y cajones<\/p>\n<p>\u2013 Gran pieza, bastante delicada, por lo que ahorra espacio.<\/p>\n<p>-MEDIDAS 110 x 100 50 x 45 Fue realizada en madera natural y realizada por uno de los m\u00e1s h\u00e1biles artesanos con incrustaciones de chapa (balsanders) y marqueter\u00eda. Con la adici\u00f3n de pinturas naturales que resaltan la belleza del producto y la incrustaci\u00f3n de piezas de cobre hechas espec\u00edficamente para el mismo.<\/p>\n<blockquote><p><strong><em>(Escritorio franc\u00e9s Luis XV con tapa enrollable) Escritorio franc\u00e9s Luis XV con tapa enrollable Mesa de escritura Muebles con incrustaciones<\/em><\/strong><\/p><\/blockquote>\n","protected":false},"featured_media":5086,"comment_status":"open","ping_status":"closed","template":"","meta":{"_mi_skip_tracking":false},"product_cat":[170],"product_tag":[],"class_list":["post-5093","product","type-product","status-publish","has-post-thumbnail","hentry","product_cat-secretaria"],"_links":{"self":[{"href":"https:\/\/www.arkegypt.com\/es\/wp-json\/wp\/v2\/product\/5093","targetHints":{"allow":["GET"]}}],"collection":[{"href":"https:\/\/www.arkegypt.com\/es\/wp-json\/wp\/v2\/product"}],"about":[{"href":"https:\/\/www.arkegypt.com\/es\/wp-json\/wp\/v2\/types\/product"}],"replies":[{"embeddable":true,"href":"https:\/\/www.arkegypt.com\/es\/wp-json\/wp\/v2\/comments?post=5093"}],"wp:featuredmedia":[{"embeddable":true,"href":"https:\/\/www.arkegypt.com\/es\/wp-json\/wp\/v2\/media\/5086"}],"wp:attachment":[{"href":"https:\/\/www.arkegypt.com\/es\/wp-json\/wp\/v2\/media?parent=5093"}],"wp:term":[{"taxonomy":"product_cat","embeddable":true,"href":"https:\/\/www.arkegypt.com\/es\/wp-json\/wp\/v2\/product_cat?post=5093"},{"taxonomy":"product_tag","embeddable":true,"href":"https:\/\/www.arkegypt.com\/es\/wp-json\/wp\/v2\/product_tag?post=5093"}],"curies":[{"name":"wp","href":"https:\/\/api.w.org\/{rel}","templated":true}]}}