{"id":5103,"date":"2022-04-03T15:28:06","date_gmt":"2022-04-03T13:28:06","guid":{"rendered":"https:\/\/www.arkegypt.com\/?post_type=product&#038;p=5103"},"modified":"2022-07-05T12:32:50","modified_gmt":"2022-07-05T10:32:50","slug":"plato-de-florero-pintura-al-oleo-de-lujo-con-pintura-al-oleo-alegre-75x-60","status":"publish","type":"product","link":"https:\/\/www.arkegypt.com\/es\/product\/plato-de-florero-pintura-al-oleo-de-lujo-con-pintura-al-oleo-alegre-75x-60\/","title":{"rendered":"(plato de florero) Pintura al \u00f3leo de lujo con pintura al \u00f3leo alegre 75x 60"},"content":{"rendered":"","protected":false},"excerpt":{"rendered":"<p>-Deliciosa pintura al \u00f3leo de una maceta francesa de nuestros dise\u00f1os inspirados en la civilizaci\u00f3n francesa<\/p>\n<p>-Fabricado por los artesanos m\u00e1s expertos en la industria artesanal.<\/p>\n<p>\u2013 Este elemento est\u00e1 inspirado en los palacios franceses y el antiguo arte cl\u00e1sico franc\u00e9s.<\/p>\n<p>\u2013 Este producto es un dise\u00f1o especial inspirado en el arte y la antig\u00fcedad francesa<\/p>\n<p>Un espejo alegre y elegante crea la sensaci\u00f3n de estar en un castillo franc\u00e9s del siglo XVIII.<\/p>\n<p>\u2013 Tama\u00f1o 75&#215;60, estructura de madera natural, con la adici\u00f3n de todos los trabajos de grabado en madera, material de resina y pintura al \u00f3leo con hermosos colores naturales y pinturas respetuosas con el medio ambiente.<\/p>\n<blockquote><p><em><strong>(plato de florero) Pintura al \u00f3leo de lujo con pintura al \u00f3leo alegre<\/strong><\/em><\/p><\/blockquote>\n","protected":false},"featured_media":5098,"comment_status":"open","ping_status":"closed","template":"","meta":{"_mi_skip_tracking":false},"product_cat":[166],"product_tag":[],"class_list":["post-5103","product","type-product","status-publish","has-post-thumbnail","hentry","product_cat-pintado-a-mano"],"_links":{"self":[{"href":"https:\/\/www.arkegypt.com\/es\/wp-json\/wp\/v2\/product\/5103","targetHints":{"allow":["GET"]}}],"collection":[{"href":"https:\/\/www.arkegypt.com\/es\/wp-json\/wp\/v2\/product"}],"about":[{"href":"https:\/\/www.arkegypt.com\/es\/wp-json\/wp\/v2\/types\/product"}],"replies":[{"embeddable":true,"href":"https:\/\/www.arkegypt.com\/es\/wp-json\/wp\/v2\/comments?post=5103"}],"wp:featuredmedia":[{"embeddable":true,"href":"https:\/\/www.arkegypt.com\/es\/wp-json\/wp\/v2\/media\/5098"}],"wp:attachment":[{"href":"https:\/\/www.arkegypt.com\/es\/wp-json\/wp\/v2\/media?parent=5103"}],"wp:term":[{"taxonomy":"product_cat","embeddable":true,"href":"https:\/\/www.arkegypt.com\/es\/wp-json\/wp\/v2\/product_cat?post=5103"},{"taxonomy":"product_tag","embeddable":true,"href":"https:\/\/www.arkegypt.com\/es\/wp-json\/wp\/v2\/product_tag?post=5103"}],"curies":[{"name":"wp","href":"https:\/\/api.w.org\/{rel}","templated":true}]}}