{"id":5117,"date":"2022-03-31T16:50:36","date_gmt":"2022-03-31T14:50:36","guid":{"rendered":"https:\/\/www.arkegypt.com\/?post_type=product&#038;p=5117"},"modified":"2022-07-05T12:44:57","modified_gmt":"2022-07-05T10:44:57","slug":"pintura-de-herencia-francesa-pintura-de-herencia-francesa-175-x-55","status":"publish","type":"product","link":"https:\/\/www.arkegypt.com\/es\/product\/pintura-de-herencia-francesa-pintura-de-herencia-francesa-175-x-55\/","title":{"rendered":"(Pintura de herencia francesa) Pintura de herencia francesa 175 x 55"},"content":{"rendered":"","protected":false},"excerpt":{"rendered":"<p>-La mujer con su familia es una pintura antigua que data de la antigua herencia francesa con un ramo de flores rode\u00e1ndola<\/p>\n<p>-Fabricado por los artesanos m\u00e1s expertos en la industria artesanal.<\/p>\n<p>-Este elemento est\u00e1 inspirado en los palacios franceses y el arte franc\u00e9s antiguo cl\u00e1sico.<\/p>\n<p>\u2013 Este producto es un dise\u00f1o especial inspirado en el arte y la antig\u00fcedad francesa<\/p>\n<p>\u2013 Un espejo alegre y elegante que da la sensaci\u00f3n de estar en un palacio franc\u00e9s del siglo XVIII<\/p>\n<p>-tama\u00f1o 175 x 55 Estructura de madera natural con la adici\u00f3n de todo el trabajo de grabado en el material de madera resina y espejo 4 mm Uno de los mejores tipos de espejos con pinturas de alta calidad y respetuosas con el medio ambiente<\/p>\n<blockquote><p><em><strong>(Pintura de herencia francesa) Pintura de herencia francesa<\/strong><\/em><\/p><\/blockquote>\n","protected":false},"featured_media":5114,"comment_status":"open","ping_status":"closed","template":"","meta":{"_mi_skip_tracking":false},"product_cat":[167],"product_tag":[],"class_list":["post-5117","product","type-product","status-publish","has-post-thumbnail","hentry","product_cat-espejo"],"_links":{"self":[{"href":"https:\/\/www.arkegypt.com\/es\/wp-json\/wp\/v2\/product\/5117","targetHints":{"allow":["GET"]}}],"collection":[{"href":"https:\/\/www.arkegypt.com\/es\/wp-json\/wp\/v2\/product"}],"about":[{"href":"https:\/\/www.arkegypt.com\/es\/wp-json\/wp\/v2\/types\/product"}],"replies":[{"embeddable":true,"href":"https:\/\/www.arkegypt.com\/es\/wp-json\/wp\/v2\/comments?post=5117"}],"wp:featuredmedia":[{"embeddable":true,"href":"https:\/\/www.arkegypt.com\/es\/wp-json\/wp\/v2\/media\/5114"}],"wp:attachment":[{"href":"https:\/\/www.arkegypt.com\/es\/wp-json\/wp\/v2\/media?parent=5117"}],"wp:term":[{"taxonomy":"product_cat","embeddable":true,"href":"https:\/\/www.arkegypt.com\/es\/wp-json\/wp\/v2\/product_cat?post=5117"},{"taxonomy":"product_tag","embeddable":true,"href":"https:\/\/www.arkegypt.com\/es\/wp-json\/wp\/v2\/product_tag?post=5117"}],"curies":[{"name":"wp","href":"https:\/\/api.w.org\/{rel}","templated":true}]}}