{"id":5190,"date":"2022-03-31T15:40:25","date_gmt":"2022-03-31T13:40:25","guid":{"rendered":"https:\/\/www.arkegypt.com\/?post_type=product&#038;p=5190"},"modified":"2022-07-05T17:37:19","modified_gmt":"2022-07-05T15:37:19","slug":"angel-gemelo-antiguo-espejo-de-pared-redondo-de-inspiracion-francesa-de-1865-115-x-125","status":"publish","type":"product","link":"https:\/\/www.arkegypt.com\/es\/product\/angel-gemelo-antiguo-espejo-de-pared-redondo-de-inspiracion-francesa-de-1865-115-x-125\/","title":{"rendered":"(angel gemelo) Antiguo espejo de pared redondo de inspiraci\u00f3n francesa de 1865 115 x 125"},"content":{"rendered":"","protected":false},"excerpt":{"rendered":"<p>\u2013 Este elemento est\u00e1 inspirado en los palacios franceses y el arte franc\u00e9s antiguo cl\u00e1sico.<\/p>\n<p>-Fabricado por los artesanos m\u00e1s expertos en la industria artesanal.<\/p>\n<p>\u2013 Este producto es un dise\u00f1o especial inspirado en el arte y la antig\u00fcedad francesa<\/p>\n<p>\u2013 Este producto es un dise\u00f1o especial inspirado en el arte y la antig\u00fcedad franceses realizado por los m\u00e1s h\u00e1biles fabricantes de muebles artesanales cl\u00e1sicos.<\/p>\n<p>-tama\u00f1o 115 x 125 Estructura de madera natural con la adici\u00f3n de todo el trabajo de grabado en el material de madera resina y espejo 4 mm Uno de los mejores tipos de espejos con pinturas de alta calidad y respetuosas con el medio ambiente<\/p>\n<blockquote><p><em><strong>(angel gemelo) Antiguo espejo de pared redondo de inspiraci\u00f3n francesa de<\/strong><\/em><\/p><\/blockquote>\n","protected":false},"featured_media":5187,"comment_status":"open","ping_status":"closed","template":"","meta":{"_mi_skip_tracking":false},"product_cat":[167],"product_tag":[],"class_list":["post-5190","product","type-product","status-publish","has-post-thumbnail","hentry","product_cat-espejo"],"_links":{"self":[{"href":"https:\/\/www.arkegypt.com\/es\/wp-json\/wp\/v2\/product\/5190","targetHints":{"allow":["GET"]}}],"collection":[{"href":"https:\/\/www.arkegypt.com\/es\/wp-json\/wp\/v2\/product"}],"about":[{"href":"https:\/\/www.arkegypt.com\/es\/wp-json\/wp\/v2\/types\/product"}],"replies":[{"embeddable":true,"href":"https:\/\/www.arkegypt.com\/es\/wp-json\/wp\/v2\/comments?post=5190"}],"wp:featuredmedia":[{"embeddable":true,"href":"https:\/\/www.arkegypt.com\/es\/wp-json\/wp\/v2\/media\/5187"}],"wp:attachment":[{"href":"https:\/\/www.arkegypt.com\/es\/wp-json\/wp\/v2\/media?parent=5190"}],"wp:term":[{"taxonomy":"product_cat","embeddable":true,"href":"https:\/\/www.arkegypt.com\/es\/wp-json\/wp\/v2\/product_cat?post=5190"},{"taxonomy":"product_tag","embeddable":true,"href":"https:\/\/www.arkegypt.com\/es\/wp-json\/wp\/v2\/product_tag?post=5190"}],"curies":[{"name":"wp","href":"https:\/\/api.w.org\/{rel}","templated":true}]}}