{"id":5198,"date":"2022-03-31T15:38:33","date_gmt":"2022-03-31T13:38:33","guid":{"rendered":"https:\/\/www.arkegypt.com\/?post_type=product&#038;p=5198"},"modified":"2022-07-05T17:46:52","modified_gmt":"2022-07-05T15:46:52","slug":"espejo-con-motivo-maria-grand-casa-padrino-espejo-barroco-dorado-con-motivo-maria-muebles-de-estilo-antiguo-barroco","status":"publish","type":"product","link":"https:\/\/www.arkegypt.com\/es\/product\/espejo-con-motivo-maria-grand-casa-padrino-espejo-barroco-dorado-con-motivo-maria-muebles-de-estilo-antiguo-barroco\/","title":{"rendered":"(Espejo con motivo Maria) Grand Casa Padrino Espejo barroco Dorado con motivo Maria \u2013 Muebles de estilo antiguo barroco 210 x 110"},"content":{"rendered":"","protected":false},"excerpt":{"rendered":"<p>-Este art\u00edculo es una r\u00e9plica de estilo antiguo aut\u00e9nticamente hecha a mano. Desviaciones de color, peque\u00f1as grietas, descamaci\u00f3n, rastros antiguos, golpes y otras caracter\u00edsticas de estilo antiguo son parte del art\u00edculo y hacen que cada mueble sea \u00fanico.<\/p>\n<p>-Casa Padrino es un productor y distribuidor de muebles y muebles barrocos de renombre en toda Europa.<br \/>\nuna marca registrada de la Oficina Alemana de Patentes y Marcas.<\/p>\n<p>-Fabricado por los artesanos m\u00e1s expertos en la industria artesanal.<\/p>\n<p>\u2013 tama\u00f1o 210 x 110 Estructura de madera natural con la adici\u00f3n de todo el trabajo de grabado en el material de madera resina y espejo 4 mm Uno de los mejores tipos de espejos con pinturas de alta calidad y respetuosas con el medio ambiente<\/p>\n<blockquote><p><em><strong>(Espejo con motivo Maria) Grand Casa Padrino Espejo barroco Dorado con motivo Maria \u2013 Muebles de estilo antiguo barroco<\/strong><\/em><\/p><\/blockquote>\n","protected":false},"featured_media":5195,"comment_status":"open","ping_status":"closed","template":"","meta":{"_mi_skip_tracking":false},"product_cat":[167],"product_tag":[],"class_list":["post-5198","product","type-product","status-publish","has-post-thumbnail","hentry","product_cat-espejo"],"_links":{"self":[{"href":"https:\/\/www.arkegypt.com\/es\/wp-json\/wp\/v2\/product\/5198","targetHints":{"allow":["GET"]}}],"collection":[{"href":"https:\/\/www.arkegypt.com\/es\/wp-json\/wp\/v2\/product"}],"about":[{"href":"https:\/\/www.arkegypt.com\/es\/wp-json\/wp\/v2\/types\/product"}],"replies":[{"embeddable":true,"href":"https:\/\/www.arkegypt.com\/es\/wp-json\/wp\/v2\/comments?post=5198"}],"wp:featuredmedia":[{"embeddable":true,"href":"https:\/\/www.arkegypt.com\/es\/wp-json\/wp\/v2\/media\/5195"}],"wp:attachment":[{"href":"https:\/\/www.arkegypt.com\/es\/wp-json\/wp\/v2\/media?parent=5198"}],"wp:term":[{"taxonomy":"product_cat","embeddable":true,"href":"https:\/\/www.arkegypt.com\/es\/wp-json\/wp\/v2\/product_cat?post=5198"},{"taxonomy":"product_tag","embeddable":true,"href":"https:\/\/www.arkegypt.com\/es\/wp-json\/wp\/v2\/product_tag?post=5198"}],"curies":[{"name":"wp","href":"https:\/\/api.w.org\/{rel}","templated":true}]}}