{"id":5208,"date":"2019-08-20T09:46:03","date_gmt":"2019-08-20T07:46:03","guid":{"rendered":"https:\/\/www.arkegypt.com\/?post_type=product&#038;p=5208"},"modified":"2022-07-06T12:24:34","modified_gmt":"2022-07-06T10:24:34","slug":"secretario-de-la-civilizacion-francesa-2","status":"publish","type":"product","link":"https:\/\/www.arkegypt.com\/es\/product\/secretario-de-la-civilizacion-francesa-2\/","title":{"rendered":"Secretario de la Civilizaci\u00f3n Francesa"},"content":{"rendered":"","protected":false},"excerpt":{"rendered":"<p>\u2013 Secreter de inspiraci\u00f3n francesa con lat\u00f3n dorado<\/p>\n<p>-Fabricado por los artesanos m\u00e1s expertos en la industria artesanal.<\/p>\n<p>-Este elemento est\u00e1 inspirado en los palacios franceses y el arte franc\u00e9s antiguo cl\u00e1sico.<\/p>\n<p>-Este producto es un dise\u00f1o especial inspirado en el arte y la antig\u00fcedad franceses.<\/p>\n<p>\u2013 Estructura de madera natural con el a\u00f1adido de todo el trabajo de grabado en resina del material de madera y pinturas respetuosas con el medio ambiente<\/p>\n<blockquote><p><strong><em>Secretario de la Civilizaci\u00f3n Francesa<\/em><\/strong><\/p><\/blockquote>\n","protected":false},"featured_media":3087,"comment_status":"open","ping_status":"closed","template":"","meta":{"_mi_skip_tracking":false},"product_cat":[170],"product_tag":[],"class_list":["post-5208","product","type-product","status-publish","has-post-thumbnail","hentry","product_cat-secretaria"],"_links":{"self":[{"href":"https:\/\/www.arkegypt.com\/es\/wp-json\/wp\/v2\/product\/5208","targetHints":{"allow":["GET"]}}],"collection":[{"href":"https:\/\/www.arkegypt.com\/es\/wp-json\/wp\/v2\/product"}],"about":[{"href":"https:\/\/www.arkegypt.com\/es\/wp-json\/wp\/v2\/types\/product"}],"replies":[{"embeddable":true,"href":"https:\/\/www.arkegypt.com\/es\/wp-json\/wp\/v2\/comments?post=5208"}],"wp:featuredmedia":[{"embeddable":true,"href":"https:\/\/www.arkegypt.com\/es\/wp-json\/wp\/v2\/media\/3087"}],"wp:attachment":[{"href":"https:\/\/www.arkegypt.com\/es\/wp-json\/wp\/v2\/media?parent=5208"}],"wp:term":[{"taxonomy":"product_cat","embeddable":true,"href":"https:\/\/www.arkegypt.com\/es\/wp-json\/wp\/v2\/product_cat?post=5208"},{"taxonomy":"product_tag","embeddable":true,"href":"https:\/\/www.arkegypt.com\/es\/wp-json\/wp\/v2\/product_tag?post=5208"}],"curies":[{"name":"wp","href":"https:\/\/api.w.org\/{rel}","templated":true}]}}