{"id":5212,"date":"2019-08-20T09:45:18","date_gmt":"2019-08-20T07:45:18","guid":{"rendered":"https:\/\/www.arkegypt.com\/?post_type=product&#038;p=5212"},"modified":"2022-07-06T12:32:59","modified_gmt":"2022-07-06T10:32:59","slug":"secretaria-en-forma-de-barril","status":"publish","type":"product","link":"https:\/\/www.arkegypt.com\/es\/product\/secretaria-en-forma-de-barril\/","title":{"rendered":"Secretaria en forma de barril"},"content":{"rendered":"","protected":false},"excerpt":{"rendered":"<p>\u2013 Una secretaria en forma de barril de vino de la herencia italiana en la era de Leonardo da Vinci y su escuela para ense\u00f1ar a los artistas el dibujo manual antiguo con la adici\u00f3n de m\u00e9todos de apertura por tel\u00e9fono o tacto.<\/p>\n<p>Hecho por los artesanos m\u00e1s h\u00e1biles.<\/p>\n<p>\u2013 Este art\u00edculo est\u00e1 inspirado en los palacios italianos y el antiguo arte cl\u00e1sico italiano.<\/p>\n<p>\u2013 Estructura de madera natural con la adici\u00f3n de todos los trabajos de grabado en madera, resina, pinturas ecol\u00f3gicas y pintura al \u00f3leo manual.<\/p>\n","protected":false},"featured_media":3081,"comment_status":"open","ping_status":"closed","template":"","meta":{"_mi_skip_tracking":false},"product_cat":[170],"product_tag":[],"class_list":["post-5212","product","type-product","status-publish","has-post-thumbnail","hentry","product_cat-secretaria"],"_links":{"self":[{"href":"https:\/\/www.arkegypt.com\/es\/wp-json\/wp\/v2\/product\/5212","targetHints":{"allow":["GET"]}}],"collection":[{"href":"https:\/\/www.arkegypt.com\/es\/wp-json\/wp\/v2\/product"}],"about":[{"href":"https:\/\/www.arkegypt.com\/es\/wp-json\/wp\/v2\/types\/product"}],"replies":[{"embeddable":true,"href":"https:\/\/www.arkegypt.com\/es\/wp-json\/wp\/v2\/comments?post=5212"}],"wp:featuredmedia":[{"embeddable":true,"href":"https:\/\/www.arkegypt.com\/es\/wp-json\/wp\/v2\/media\/3081"}],"wp:attachment":[{"href":"https:\/\/www.arkegypt.com\/es\/wp-json\/wp\/v2\/media?parent=5212"}],"wp:term":[{"taxonomy":"product_cat","embeddable":true,"href":"https:\/\/www.arkegypt.com\/es\/wp-json\/wp\/v2\/product_cat?post=5212"},{"taxonomy":"product_tag","embeddable":true,"href":"https:\/\/www.arkegypt.com\/es\/wp-json\/wp\/v2\/product_tag?post=5212"}],"curies":[{"name":"wp","href":"https:\/\/api.w.org\/{rel}","templated":true}]}}