{"id":5220,"date":"2019-08-20T08:50:46","date_gmt":"2019-08-20T06:50:46","guid":{"rendered":"https:\/\/www.arkegypt.com\/?post_type=product&#038;p=5220"},"modified":"2022-07-06T14:52:55","modified_gmt":"2022-07-06T12:52:55","slug":"oficina-faraonica","status":"publish","type":"product","link":"https:\/\/www.arkegypt.com\/es\/product\/oficina-faraonica\/","title":{"rendered":"oficina fara\u00f3nica"},"content":{"rendered":"","protected":false},"excerpt":{"rendered":"<p>\u2013 Un escritorio fara\u00f3nico tallado en jerogl\u00edficos, y es originario del Templo Al-Qarang<\/p>\n<p>\u2013 Estaba grabado en el lenguaje jerogl\u00edfico y las cuatro esquinas eran una m\u00e1scara de Tut sobre Khamun<\/p>\n<p>\u2013 Y la adici\u00f3n de una mesa en forma de pir\u00e1mide de Khufu, una de las siete maravillas de Danita, para mostrar todo esto con la adici\u00f3n de tecnolog\u00eda moderna tocando en ciertas partes o por tel\u00e9fono con un n\u00famero de seguridad, que agrega a \u00e9l la ventaja de usarlo como caja fuerte para posesiones valiosas<br \/>\nY hay sonidos de m\u00fasica fara\u00f3nica para hacerte sentir el sentimiento de esta era fara\u00f3nica.<\/p>\n<p>\u2013 Y el coro est\u00e1 inspirado en el dise\u00f1o de una silla de herencia fara\u00f3nica y la base es de papiro<\/p>\n<p>-Fabricado por los artesanos m\u00e1s expertos en la industria artesanal.<\/p>\n<p>-Este elemento est\u00e1 inspirado en los palacios de Egipto y el arte franc\u00e9s antiguo cl\u00e1sico.<\/p>\n<p>\u2013 Estructura de madera natural con el a\u00f1adido de todo el trabajo de grabado en resina del material de madera y pinturas respetuosas con el medio ambiente<\/p>\n<blockquote><p><em><strong>oficina fara\u00f3nica<\/strong><\/em><\/p><\/blockquote>\n","protected":false},"featured_media":3213,"comment_status":"open","ping_status":"closed","template":"","meta":{"_mi_skip_tracking":false},"product_cat":[169],"product_tag":[],"class_list":["post-5220","product","type-product","status-publish","has-post-thumbnail","hentry","product_cat-oficina"],"_links":{"self":[{"href":"https:\/\/www.arkegypt.com\/es\/wp-json\/wp\/v2\/product\/5220","targetHints":{"allow":["GET"]}}],"collection":[{"href":"https:\/\/www.arkegypt.com\/es\/wp-json\/wp\/v2\/product"}],"about":[{"href":"https:\/\/www.arkegypt.com\/es\/wp-json\/wp\/v2\/types\/product"}],"replies":[{"embeddable":true,"href":"https:\/\/www.arkegypt.com\/es\/wp-json\/wp\/v2\/comments?post=5220"}],"wp:featuredmedia":[{"embeddable":true,"href":"https:\/\/www.arkegypt.com\/es\/wp-json\/wp\/v2\/media\/3213"}],"wp:attachment":[{"href":"https:\/\/www.arkegypt.com\/es\/wp-json\/wp\/v2\/media?parent=5220"}],"wp:term":[{"taxonomy":"product_cat","embeddable":true,"href":"https:\/\/www.arkegypt.com\/es\/wp-json\/wp\/v2\/product_cat?post=5220"},{"taxonomy":"product_tag","embeddable":true,"href":"https:\/\/www.arkegypt.com\/es\/wp-json\/wp\/v2\/product_tag?post=5220"}],"curies":[{"name":"wp","href":"https:\/\/api.w.org\/{rel}","templated":true}]}}