{"id":5246,"date":"2019-08-20T08:22:10","date_gmt":"2019-08-20T06:22:10","guid":{"rendered":"https:\/\/www.arkegypt.com\/?post_type=product&#038;p=5246"},"modified":"2022-07-06T15:26:40","modified_gmt":"2022-07-06T13:26:40","slug":"bufete-de-cobre-escarlata-lujoso-buffet-con-atractivo-cobre-escarlata","status":"publish","type":"product","link":"https:\/\/www.arkegypt.com\/es\/product\/bufete-de-cobre-escarlata-lujoso-buffet-con-atractivo-cobre-escarlata\/","title":{"rendered":"(bufete de cobre escarlata) Lujoso buffet con atractivo cobre escarlata"},"content":{"rendered":"","protected":false},"excerpt":{"rendered":"<p>-El buffet est\u00e1 inspirado en los palacios de la civilizaci\u00f3n francesa, con un cobre escarlata que le da una forma atractiva<\/p>\n<p>-Fabricado por los artesanos m\u00e1s expertos en la industria artesanal.<\/p>\n<p>\u2013 Este producto es un dise\u00f1o especial inspirado en el arte y la antig\u00fcedad francesa<\/p>\n<p>\u2013 Este producto es un dise\u00f1o especial inspirado en el arte chino y la antig\u00fcedad hecho por los m\u00e1s h\u00e1biles fabricantes de muebles artesanales cl\u00e1sicos.<\/p>\n<p>\u2013 Estructura de madera natural con la adici\u00f3n de todos los trabajos de grabado en madera y resina. Se eligi\u00f3 un cobre lujosamente adecuado y pinturas respetuosas con el medio ambiente.<\/p>\n<blockquote><p><em><strong>(bufete de cobre escarlata) Lujoso buffet con atractivo cobre escarlata<\/strong><\/em><\/p><\/blockquote>\n","protected":false},"featured_media":3030,"comment_status":"open","ping_status":"closed","template":"","meta":{"_mi_skip_tracking":false},"product_cat":[163],"product_tag":[],"class_list":["post-5246","product","type-product","status-publish","has-post-thumbnail","hentry","product_cat-buffets-es"],"_links":{"self":[{"href":"https:\/\/www.arkegypt.com\/es\/wp-json\/wp\/v2\/product\/5246","targetHints":{"allow":["GET"]}}],"collection":[{"href":"https:\/\/www.arkegypt.com\/es\/wp-json\/wp\/v2\/product"}],"about":[{"href":"https:\/\/www.arkegypt.com\/es\/wp-json\/wp\/v2\/types\/product"}],"replies":[{"embeddable":true,"href":"https:\/\/www.arkegypt.com\/es\/wp-json\/wp\/v2\/comments?post=5246"}],"wp:featuredmedia":[{"embeddable":true,"href":"https:\/\/www.arkegypt.com\/es\/wp-json\/wp\/v2\/media\/3030"}],"wp:attachment":[{"href":"https:\/\/www.arkegypt.com\/es\/wp-json\/wp\/v2\/media?parent=5246"}],"wp:term":[{"taxonomy":"product_cat","embeddable":true,"href":"https:\/\/www.arkegypt.com\/es\/wp-json\/wp\/v2\/product_cat?post=5246"},{"taxonomy":"product_tag","embeddable":true,"href":"https:\/\/www.arkegypt.com\/es\/wp-json\/wp\/v2\/product_tag?post=5246"}],"curies":[{"name":"wp","href":"https:\/\/api.w.org\/{rel}","templated":true}]}}