{"id":5270,"date":"2019-06-17T09:16:23","date_gmt":"2019-06-17T07:16:23","guid":{"rendered":"https:\/\/www.arkegypt.com\/?post_type=product&#038;p=5270"},"modified":"2022-07-06T16:52:42","modified_gmt":"2022-07-06T14:52:42","slug":"espejo-estrella-de-mar","status":"publish","type":"product","link":"https:\/\/www.arkegypt.com\/es\/product\/espejo-estrella-de-mar\/","title":{"rendered":"espejo estrella de mar"},"content":{"rendered":"","protected":false},"excerpt":{"rendered":"<p>-Un espejo inspirado en la antigua herencia francesa<\/p>\n<p>-Fabricado por los artesanos m\u00e1s expertos en la industria artesanal.<\/p>\n<p>-Este elemento est\u00e1 inspirado en los palacios franceses y el arte franc\u00e9s antiguo cl\u00e1sico.<\/p>\n<p>-Este producto es un dise\u00f1o especial inspirado en el arte y la antig\u00fcedad franceses.<\/p>\n<p>-Un espejo alegre y elegante que da la sensaci\u00f3n de estar en un palacio franc\u00e9s del siglo XVIII<\/p>\n<p>-Estructura de madera natural con la adici\u00f3n de todo el trabajo de grabado en la resina de material de madera y espejo de 4 mm Uno de los mejores tipos de espejos con pinturas de alta calidad y respetuosas con el medio ambiente<\/p>\n<blockquote><p><em><strong>espejo estrella de mar<\/strong><\/em><\/p><\/blockquote>\n","protected":false},"featured_media":2859,"comment_status":"open","ping_status":"closed","template":"","meta":{"_mi_skip_tracking":false},"product_cat":[167],"product_tag":[],"class_list":["post-5270","product","type-product","status-publish","has-post-thumbnail","hentry","product_cat-espejo"],"_links":{"self":[{"href":"https:\/\/www.arkegypt.com\/es\/wp-json\/wp\/v2\/product\/5270","targetHints":{"allow":["GET"]}}],"collection":[{"href":"https:\/\/www.arkegypt.com\/es\/wp-json\/wp\/v2\/product"}],"about":[{"href":"https:\/\/www.arkegypt.com\/es\/wp-json\/wp\/v2\/types\/product"}],"replies":[{"embeddable":true,"href":"https:\/\/www.arkegypt.com\/es\/wp-json\/wp\/v2\/comments?post=5270"}],"wp:featuredmedia":[{"embeddable":true,"href":"https:\/\/www.arkegypt.com\/es\/wp-json\/wp\/v2\/media\/2859"}],"wp:attachment":[{"href":"https:\/\/www.arkegypt.com\/es\/wp-json\/wp\/v2\/media?parent=5270"}],"wp:term":[{"taxonomy":"product_cat","embeddable":true,"href":"https:\/\/www.arkegypt.com\/es\/wp-json\/wp\/v2\/product_cat?post=5270"},{"taxonomy":"product_tag","embeddable":true,"href":"https:\/\/www.arkegypt.com\/es\/wp-json\/wp\/v2\/product_tag?post=5270"}],"curies":[{"name":"wp","href":"https:\/\/api.w.org\/{rel}","templated":true}]}}