{"id":5279,"date":"2019-06-17T09:14:45","date_gmt":"2019-06-17T07:14:45","guid":{"rendered":"https:\/\/www.arkegypt.com\/?post_type=product&#038;p=5279"},"modified":"2022-07-06T17:08:58","modified_gmt":"2022-07-06T15:08:58","slug":"espejo-de-felipe-ii-duque-de-orleans","status":"publish","type":"product","link":"https:\/\/www.arkegypt.com\/es\/product\/espejo-de-felipe-ii-duque-de-orleans\/","title":{"rendered":"Espejo de Felipe II, duque de Orleans"},"content":{"rendered":"","protected":false},"excerpt":{"rendered":"<p>\u2013 Un espejo que data de Felipe II, duque de Orleans, en la antigua herencia francesa<\/p>\n<p>\u2013 Fabricado por los artesanos m\u00e1s expertos en la industria artesanal.<\/p>\n<p>\u2013 Este elemento est\u00e1 inspirado en los palacios franceses y el arte franc\u00e9s antiguo cl\u00e1sico.<\/p>\n<p>\u2013 Este producto es un dise\u00f1o especial inspirado en el arte y la antig\u00fcedad francesa<\/p>\n<p>\u2013 Un espejo alegre y elegante que da la sensaci\u00f3n de estar en un palacio franc\u00e9s del siglo XVIII<\/p>\n<p>\u2013 Estructura de madera natural con la adici\u00f3n de todo el trabajo de grabado en el material de madera resina y espejo de 4 mm Uno de los mejores tipos de espejos con pinturas de alta calidad y respetuosas con el medio ambiente<\/p>\n<blockquote><p><em><strong>Espejo de Felipe II, duque de Orleans<\/strong><\/em><\/p><\/blockquote>\n","protected":false},"featured_media":2853,"comment_status":"open","ping_status":"closed","template":"","meta":{"_mi_skip_tracking":false},"product_cat":[167],"product_tag":[],"class_list":["post-5279","product","type-product","status-publish","has-post-thumbnail","hentry","product_cat-espejo"],"_links":{"self":[{"href":"https:\/\/www.arkegypt.com\/es\/wp-json\/wp\/v2\/product\/5279","targetHints":{"allow":["GET"]}}],"collection":[{"href":"https:\/\/www.arkegypt.com\/es\/wp-json\/wp\/v2\/product"}],"about":[{"href":"https:\/\/www.arkegypt.com\/es\/wp-json\/wp\/v2\/types\/product"}],"replies":[{"embeddable":true,"href":"https:\/\/www.arkegypt.com\/es\/wp-json\/wp\/v2\/comments?post=5279"}],"wp:featuredmedia":[{"embeddable":true,"href":"https:\/\/www.arkegypt.com\/es\/wp-json\/wp\/v2\/media\/2853"}],"wp:attachment":[{"href":"https:\/\/www.arkegypt.com\/es\/wp-json\/wp\/v2\/media?parent=5279"}],"wp:term":[{"taxonomy":"product_cat","embeddable":true,"href":"https:\/\/www.arkegypt.com\/es\/wp-json\/wp\/v2\/product_cat?post=5279"},{"taxonomy":"product_tag","embeddable":true,"href":"https:\/\/www.arkegypt.com\/es\/wp-json\/wp\/v2\/product_tag?post=5279"}],"curies":[{"name":"wp","href":"https:\/\/api.w.org\/{rel}","templated":true}]}}