{"id":5291,"date":"2019-06-17T08:19:49","date_gmt":"2019-06-17T06:19:49","guid":{"rendered":"https:\/\/www.arkegypt.com\/?post_type=product&#038;p=5291"},"modified":"2022-07-06T17:40:06","modified_gmt":"2022-07-06T15:40:06","slug":"asiento-romance-dorado","status":"publish","type":"product","link":"https:\/\/www.arkegypt.com\/es\/product\/asiento-romance-dorado\/","title":{"rendered":"asiento romance dorado"},"content":{"rendered":"","protected":false},"excerpt":{"rendered":"<p>\u2013 Un lujoso asiento inspirado en las antiguas historias rom\u00e1nticas francesas con tallado en la parte superior del asiento al agregar una variedad de flores francesas originales<\/p>\n<p>\u2013 Fabricado por los artesanos m\u00e1s expertos en la industria artesanal.<\/p>\n<p>\u2013 Este elemento est\u00e1 inspirado en los palacios franceses y el arte franc\u00e9s antiguo cl\u00e1sico.<\/p>\n<p>\u2013 Este producto es un dise\u00f1o especial inspirado en el arte y la antig\u00fcedad francesa<\/p>\n<p>\u2013 Estructura de madera natural con la adici\u00f3n de todos los trabajos de grabado en resina de madera y esponja de alta densidad con telas adecuadas con la posibilidad de hacer el producto seg\u00fan el deseo del cliente y pinturas respetuosas con el medio ambiente.<\/p>\n<blockquote><p><em><strong>asiento romance dorado<\/strong><\/em><\/p><\/blockquote>\n","protected":false},"featured_media":2841,"comment_status":"open","ping_status":"closed","template":"","meta":{"_mi_skip_tracking":false},"product_cat":[164],"product_tag":[],"class_list":["post-5291","product","type-product","status-publish","has-post-thumbnail","hentry","product_cat-silla"],"_links":{"self":[{"href":"https:\/\/www.arkegypt.com\/es\/wp-json\/wp\/v2\/product\/5291","targetHints":{"allow":["GET"]}}],"collection":[{"href":"https:\/\/www.arkegypt.com\/es\/wp-json\/wp\/v2\/product"}],"about":[{"href":"https:\/\/www.arkegypt.com\/es\/wp-json\/wp\/v2\/types\/product"}],"replies":[{"embeddable":true,"href":"https:\/\/www.arkegypt.com\/es\/wp-json\/wp\/v2\/comments?post=5291"}],"wp:featuredmedia":[{"embeddable":true,"href":"https:\/\/www.arkegypt.com\/es\/wp-json\/wp\/v2\/media\/2841"}],"wp:attachment":[{"href":"https:\/\/www.arkegypt.com\/es\/wp-json\/wp\/v2\/media?parent=5291"}],"wp:term":[{"taxonomy":"product_cat","embeddable":true,"href":"https:\/\/www.arkegypt.com\/es\/wp-json\/wp\/v2\/product_cat?post=5291"},{"taxonomy":"product_tag","embeddable":true,"href":"https:\/\/www.arkegypt.com\/es\/wp-json\/wp\/v2\/product_tag?post=5291"}],"curies":[{"name":"wp","href":"https:\/\/api.w.org\/{rel}","templated":true}]}}