{"id":5305,"date":"2019-06-17T08:13:03","date_gmt":"2019-06-17T06:13:03","guid":{"rendered":"https:\/\/www.arkegypt.com\/?post_type=product&#038;p=5305"},"modified":"2022-07-07T13:51:22","modified_gmt":"2022-07-07T11:51:22","slug":"castillo-de-fuego-comoda-antigua-con-lujosas-piezas-de-laton","status":"publish","type":"product","link":"https:\/\/www.arkegypt.com\/es\/product\/castillo-de-fuego-comoda-antigua-con-lujosas-piezas-de-laton\/","title":{"rendered":"(castillo de fuego) C\u00f3moda antigua con lujosas piezas de lat\u00f3n"},"content":{"rendered":"","protected":false},"excerpt":{"rendered":"<p>-Una c\u00f3moda antigua inspirada en la civilizaci\u00f3n francesa con lujosas piezas de cobre que parecen quemadores de fuego, dando la sensaci\u00f3n de que es de un antiguo palacio franc\u00e9s<\/p>\n<p>-Fabricado por los artesanos m\u00e1s expertos en la industria artesanal.<\/p>\n<p>\u2013 Este producto es un dise\u00f1o especial inspirado en el arte y la antig\u00fcedad franceses<\/p>\n<p>\u2013 Este producto es un dise\u00f1o especial inspirado en el arte y la antig\u00fcedad chinos hecho por los m\u00e1s h\u00e1biles fabricantes de muebles artesanales cl\u00e1sicos.<\/p>\n<p>\u2013 Estructura de madera natural con la adici\u00f3n de todos los trabajos de grabado en madera y resina. Se eligi\u00f3 un cobre lujosamente adecuado y pinturas respetuosas con el medio ambiente.<\/p>\n<blockquote><p><em><strong>(castillo de fuego) C\u00f3moda antigua con lujosas piezas de lat\u00f3n<\/strong><\/em><\/p><\/blockquote>\n","protected":false},"featured_media":3033,"comment_status":"open","ping_status":"closed","template":"","meta":{"_mi_skip_tracking":false},"product_cat":[165],"product_tag":[],"class_list":["post-5305","product","type-product","status-publish","has-post-thumbnail","hentry","product_cat-comoda"],"_links":{"self":[{"href":"https:\/\/www.arkegypt.com\/es\/wp-json\/wp\/v2\/product\/5305","targetHints":{"allow":["GET"]}}],"collection":[{"href":"https:\/\/www.arkegypt.com\/es\/wp-json\/wp\/v2\/product"}],"about":[{"href":"https:\/\/www.arkegypt.com\/es\/wp-json\/wp\/v2\/types\/product"}],"replies":[{"embeddable":true,"href":"https:\/\/www.arkegypt.com\/es\/wp-json\/wp\/v2\/comments?post=5305"}],"wp:featuredmedia":[{"embeddable":true,"href":"https:\/\/www.arkegypt.com\/es\/wp-json\/wp\/v2\/media\/3033"}],"wp:attachment":[{"href":"https:\/\/www.arkegypt.com\/es\/wp-json\/wp\/v2\/media?parent=5305"}],"wp:term":[{"taxonomy":"product_cat","embeddable":true,"href":"https:\/\/www.arkegypt.com\/es\/wp-json\/wp\/v2\/product_cat?post=5305"},{"taxonomy":"product_tag","embeddable":true,"href":"https:\/\/www.arkegypt.com\/es\/wp-json\/wp\/v2\/product_tag?post=5305"}],"curies":[{"name":"wp","href":"https:\/\/api.w.org\/{rel}","templated":true}]}}