{"id":5319,"date":"2019-06-17T08:09:23","date_gmt":"2019-06-17T06:09:23","guid":{"rendered":"https:\/\/www.arkegypt.com\/?post_type=product&#038;p=5319"},"modified":"2022-07-07T14:39:30","modified_gmt":"2022-07-07T12:39:30","slug":"louis-xv-french-buffet-un-antiguo-buffet-frances-de-las-posesiones-del-rey-luis-xv","status":"publish","type":"product","link":"https:\/\/www.arkegypt.com\/es\/product\/louis-xv-french-buffet-un-antiguo-buffet-frances-de-las-posesiones-del-rey-luis-xv\/","title":{"rendered":"(Louis XV French Buffet) Un antiguo buffet franc\u00e9s de las posesiones del rey Luis XV."},"content":{"rendered":"","protected":false},"excerpt":{"rendered":"<p>\u2013 Lujoso buffet de las posesiones del Rey Luis XV de Francia, y es una preciosa antig\u00fcedad<\/p>\n<p>-Fabricado por los artesanos m\u00e1s expertos en la industria artesanal.<\/p>\n<p>\u2013Este producto es un dise\u00f1o especial inspirado en el arte y la antig\u00fcedad francesa<\/p>\n<p>\u2013Este producto es un dise\u00f1o especial inspirado en el arte y la antig\u00fcedad chinos hecho por los m\u00e1s h\u00e1biles fabricantes de muebles artesanales cl\u00e1sicos.<\/p>\n<p>\u2013 Estructura de madera natural con la adici\u00f3n de todos los trabajos de grabado en madera y resina. Se eligi\u00f3 un cobre lujosamente adecuado y pinturas respetuosas con el medio ambiente.<\/p>\n<blockquote><p>(<em><strong>Louis XV French Buffet) Un antiguo buffet franc\u00e9s de las posesiones del rey Luis XV.<\/strong><\/em><\/p><\/blockquote>\n","protected":false},"featured_media":2805,"comment_status":"open","ping_status":"closed","template":"","meta":{"_mi_skip_tracking":false},"product_cat":[163],"product_tag":[],"class_list":["post-5319","product","type-product","status-publish","has-post-thumbnail","hentry","product_cat-buffets-es"],"_links":{"self":[{"href":"https:\/\/www.arkegypt.com\/es\/wp-json\/wp\/v2\/product\/5319","targetHints":{"allow":["GET"]}}],"collection":[{"href":"https:\/\/www.arkegypt.com\/es\/wp-json\/wp\/v2\/product"}],"about":[{"href":"https:\/\/www.arkegypt.com\/es\/wp-json\/wp\/v2\/types\/product"}],"replies":[{"embeddable":true,"href":"https:\/\/www.arkegypt.com\/es\/wp-json\/wp\/v2\/comments?post=5319"}],"wp:featuredmedia":[{"embeddable":true,"href":"https:\/\/www.arkegypt.com\/es\/wp-json\/wp\/v2\/media\/2805"}],"wp:attachment":[{"href":"https:\/\/www.arkegypt.com\/es\/wp-json\/wp\/v2\/media?parent=5319"}],"wp:term":[{"taxonomy":"product_cat","embeddable":true,"href":"https:\/\/www.arkegypt.com\/es\/wp-json\/wp\/v2\/product_cat?post=5319"},{"taxonomy":"product_tag","embeddable":true,"href":"https:\/\/www.arkegypt.com\/es\/wp-json\/wp\/v2\/product_tag?post=5319"}],"curies":[{"name":"wp","href":"https:\/\/api.w.org\/{rel}","templated":true}]}}