{"id":4386,"date":"2022-04-11T11:43:38","date_gmt":"2022-04-11T09:43:38","guid":{"rendered":"https:\/\/www.arkegypt.com\/product\/grande-table-securisee\/"},"modified":"2022-07-18T14:46:44","modified_gmt":"2022-07-18T12:46:44","slug":"grande-table-securisee","status":"publish","type":"product","link":"https:\/\/www.arkegypt.com\/fr\/product\/grande-table-securisee\/","title":{"rendered":"Grande table s\u00e9curis\u00e9e"},"content":{"rendered":"","protected":false},"excerpt":{"rendered":"<p>&#8211; Grande coiffeuse avec une citation de peinture de l&rsquo;\u00e9cole de peinture L\u00e9onard de Vinci<br \/>\nFabriqu\u00e9 par les artisans les plus qualifi\u00e9s de l&rsquo;industrie du meuble<br \/>\n&#8211; Cet \u00e9l\u00e9ment est inspir\u00e9 des palais italiens et de l&rsquo;art italien ancien classique<br \/>\nCe produit est un design sp\u00e9cial inspir\u00e9 de l&rsquo;art et de l&rsquo;antiquit\u00e9 italiens<br \/>\n&#8211; Structure en bois naturel en plus de tous les travaux de gravure sur r\u00e9sine bois et peintures environnementales<\/p>\n<blockquote><p><em><strong>Grande table s\u00e9curis\u00e9e<\/strong><\/em><\/p><\/blockquote>\n","protected":false},"featured_media":4397,"comment_status":"open","ping_status":"closed","template":"","meta":{"_mi_skip_tracking":false},"product_cat":[146],"product_tag":[],"class_list":["post-4386","product","type-product","status-publish","has-post-thumbnail","hentry","product_cat-peinte-a-la-main"],"_links":{"self":[{"href":"https:\/\/www.arkegypt.com\/fr\/wp-json\/wp\/v2\/product\/4386","targetHints":{"allow":["GET"]}}],"collection":[{"href":"https:\/\/www.arkegypt.com\/fr\/wp-json\/wp\/v2\/product"}],"about":[{"href":"https:\/\/www.arkegypt.com\/fr\/wp-json\/wp\/v2\/types\/product"}],"replies":[{"embeddable":true,"href":"https:\/\/www.arkegypt.com\/fr\/wp-json\/wp\/v2\/comments?post=4386"}],"wp:featuredmedia":[{"embeddable":true,"href":"https:\/\/www.arkegypt.com\/fr\/wp-json\/wp\/v2\/media\/4397"}],"wp:attachment":[{"href":"https:\/\/www.arkegypt.com\/fr\/wp-json\/wp\/v2\/media?parent=4386"}],"wp:term":[{"taxonomy":"product_cat","embeddable":true,"href":"https:\/\/www.arkegypt.com\/fr\/wp-json\/wp\/v2\/product_cat?post=4386"},{"taxonomy":"product_tag","embeddable":true,"href":"https:\/\/www.arkegypt.com\/fr\/wp-json\/wp\/v2\/product_tag?post=4386"}],"curies":[{"name":"wp","href":"https:\/\/api.w.org\/{rel}","templated":true}]}}