{"id":4420,"date":"2022-04-11T11:27:13","date_gmt":"2022-04-11T09:27:13","guid":{"rendered":"https:\/\/www.arkegypt.com\/product\/table-book\/"},"modified":"2022-07-02T11:12:02","modified_gmt":"2022-07-02T09:12:02","slug":"livre-de-table","status":"publish","type":"product","link":"https:\/\/www.arkegypt.com\/fr\/product\/livre-de-table\/","title":{"rendered":"Livre de table"},"content":{"rendered":"","protected":false},"excerpt":{"rendered":"<p>&#8211; Table en forme de livre avec un grand tiroir<br \/>\n&#8211; Fabriqu\u00e9 par les artisans les plus qualifi\u00e9s de l&rsquo;industrie artisanale<br \/>\n-Cet \u00e9l\u00e9ment est inspir\u00e9 des palais fran\u00e7ais et de l&rsquo;art ancien fran\u00e7ais classique<br \/>\n\u2013 Ce produit est un design sp\u00e9cial inspir\u00e9 de l&rsquo;art fran\u00e7ais et de l&rsquo;antiquit\u00e9<br \/>\n&#8211; Structure en bois naturel avec l&rsquo;ajout de tout le travail de gravure sur la r\u00e9sine de mat\u00e9riau bois et les peintures respectueuses de l&rsquo;environnement<\/p>\n<blockquote><p><em><strong>Livre de table<\/strong><\/em><\/p><\/blockquote>\n","protected":false},"featured_media":4410,"comment_status":"open","ping_status":"closed","template":"","meta":{"_mi_skip_tracking":false},"product_cat":[174],"product_tag":[],"class_list":["post-4420","product","type-product","status-publish","has-post-thumbnail","hentry","product_cat-non-classe"],"_links":{"self":[{"href":"https:\/\/www.arkegypt.com\/fr\/wp-json\/wp\/v2\/product\/4420","targetHints":{"allow":["GET"]}}],"collection":[{"href":"https:\/\/www.arkegypt.com\/fr\/wp-json\/wp\/v2\/product"}],"about":[{"href":"https:\/\/www.arkegypt.com\/fr\/wp-json\/wp\/v2\/types\/product"}],"replies":[{"embeddable":true,"href":"https:\/\/www.arkegypt.com\/fr\/wp-json\/wp\/v2\/comments?post=4420"}],"wp:featuredmedia":[{"embeddable":true,"href":"https:\/\/www.arkegypt.com\/fr\/wp-json\/wp\/v2\/media\/4410"}],"wp:attachment":[{"href":"https:\/\/www.arkegypt.com\/fr\/wp-json\/wp\/v2\/media?parent=4420"}],"wp:term":[{"taxonomy":"product_cat","embeddable":true,"href":"https:\/\/www.arkegypt.com\/fr\/wp-json\/wp\/v2\/product_cat?post=4420"},{"taxonomy":"product_tag","embeddable":true,"href":"https:\/\/www.arkegypt.com\/fr\/wp-json\/wp\/v2\/product_tag?post=4420"}],"curies":[{"name":"wp","href":"https:\/\/api.w.org\/{rel}","templated":true}]}}