{"id":4423,"date":"2022-04-11T11:36:56","date_gmt":"2022-04-11T09:36:56","guid":{"rendered":"https:\/\/www.arkegypt.com\/?post_type=product&#038;p=4423"},"modified":"2022-06-30T16:43:00","modified_gmt":"2022-06-30T14:43:00","slug":"buffett-fontaine-a-eau-miroir-et-placard-a-litalienne","status":"publish","type":"product","link":"https:\/\/www.arkegypt.com\/fr\/product\/buffett-fontaine-a-eau-miroir-et-placard-a-litalienne\/","title":{"rendered":"Buffett, Fontaine \u00e0 eau, Miroir et Placard \u00e0 l&rsquo;italienne"},"content":{"rendered":"","protected":false},"excerpt":{"rendered":"<p>&#8211; Fabriqu\u00e9 par les artisans les plus qualifi\u00e9s de l&rsquo;industrie artisanale<br \/>\n-Cet \u00e9l\u00e9ment est inspir\u00e9 des palais fran\u00e7ais et de l&rsquo;art classique italien ancien<br \/>\n\u2013 Ce produit est un design sp\u00e9cial inspir\u00e9 de l&rsquo;art fran\u00e7ais et de l&rsquo;antiquit\u00e9<br \/>\n&#8211; Structure en bois naturel avec l&rsquo;ajout de tout le travail de gravure sur la r\u00e9sine de mat\u00e9riau bois et les peintures respectueuses de l&rsquo;environnement<\/p>\n<blockquote><p><em><strong>Buffett, Fontaine \u00e0 eau, Miroir et Placard \u00e0 l&rsquo;italienne<\/strong><\/em><\/p><\/blockquote>\n","protected":false},"featured_media":4406,"comment_status":"open","ping_status":"closed","template":"","meta":{"_mi_skip_tracking":false},"product_cat":[174],"product_tag":[],"class_list":["post-4423","product","type-product","status-publish","has-post-thumbnail","hentry","product_cat-non-classe"],"_links":{"self":[{"href":"https:\/\/www.arkegypt.com\/fr\/wp-json\/wp\/v2\/product\/4423","targetHints":{"allow":["GET"]}}],"collection":[{"href":"https:\/\/www.arkegypt.com\/fr\/wp-json\/wp\/v2\/product"}],"about":[{"href":"https:\/\/www.arkegypt.com\/fr\/wp-json\/wp\/v2\/types\/product"}],"replies":[{"embeddable":true,"href":"https:\/\/www.arkegypt.com\/fr\/wp-json\/wp\/v2\/comments?post=4423"}],"wp:featuredmedia":[{"embeddable":true,"href":"https:\/\/www.arkegypt.com\/fr\/wp-json\/wp\/v2\/media\/4406"}],"wp:attachment":[{"href":"https:\/\/www.arkegypt.com\/fr\/wp-json\/wp\/v2\/media?parent=4423"}],"wp:term":[{"taxonomy":"product_cat","embeddable":true,"href":"https:\/\/www.arkegypt.com\/fr\/wp-json\/wp\/v2\/product_cat?post=4423"},{"taxonomy":"product_tag","embeddable":true,"href":"https:\/\/www.arkegypt.com\/fr\/wp-json\/wp\/v2\/product_tag?post=4423"}],"curies":[{"name":"wp","href":"https:\/\/api.w.org\/{rel}","templated":true}]}}