{"id":4452,"date":"2022-04-11T10:54:12","date_gmt":"2022-04-11T08:54:12","guid":{"rendered":"https:\/\/www.arkegypt.com\/product\/split-table\/"},"modified":"2022-07-02T11:55:33","modified_gmt":"2022-07-02T09:55:33","slug":"table-divisee","status":"publish","type":"product","link":"https:\/\/www.arkegypt.com\/fr\/product\/table-divisee\/","title":{"rendered":"Table divis\u00e9e"},"content":{"rendered":"","protected":false},"excerpt":{"rendered":"<p>&#8211; Une table de forme unique avec la possibilit\u00e9 de la diviser \u00e0 tout moment, et un tiroir appara\u00eet lorsqu&rsquo;il est divis\u00e9<br \/>\nFabriqu\u00e9 par les artisans les plus qualifi\u00e9s de l&rsquo;industrie artisanale<br \/>\n\u2013 Cet \u00e9l\u00e9ment est inspir\u00e9 des palais fran\u00e7ais et de l&rsquo;ancien art fran\u00e7ais classique<br \/>\n\u2013 Ce produit est un design sp\u00e9cial inspir\u00e9 de l&rsquo;art fran\u00e7ais et de l&rsquo;antiquit\u00e9<br \/>\n&#8211; Beaucoup de trous et de tiroirs en pierre<br \/>\n&#8211; Un grand morceau, tr\u00e8s savoureux donc il \u00e9conomise de l&rsquo;espace<br \/>\n&#8211; Fabriqu\u00e9 en bois naturel et fabriqu\u00e9 par l&rsquo;un des artisans les plus qualifi\u00e9s avec des incrustations balsandar, Avec l&rsquo;ajout de peintures naturelles qui mettent en valeur la beaut\u00e9 du produit et l&rsquo;incrustation de pi\u00e8ces en cuivre sp\u00e9cialement con\u00e7ues pour cela<\/p>\n<blockquote><p><em><strong>Table divis\u00e9e<\/strong><\/em><\/p><\/blockquote>\n<p>&nbsp;<\/p>\n","protected":false},"featured_media":4458,"comment_status":"open","ping_status":"closed","template":"","meta":{"_mi_skip_tracking":false},"product_cat":[151],"product_tag":[],"class_list":["post-4452","product","type-product","status-publish","has-post-thumbnail","hentry","product_cat-table-fr"],"_links":{"self":[{"href":"https:\/\/www.arkegypt.com\/fr\/wp-json\/wp\/v2\/product\/4452","targetHints":{"allow":["GET"]}}],"collection":[{"href":"https:\/\/www.arkegypt.com\/fr\/wp-json\/wp\/v2\/product"}],"about":[{"href":"https:\/\/www.arkegypt.com\/fr\/wp-json\/wp\/v2\/types\/product"}],"replies":[{"embeddable":true,"href":"https:\/\/www.arkegypt.com\/fr\/wp-json\/wp\/v2\/comments?post=4452"}],"wp:featuredmedia":[{"embeddable":true,"href":"https:\/\/www.arkegypt.com\/fr\/wp-json\/wp\/v2\/media\/4458"}],"wp:attachment":[{"href":"https:\/\/www.arkegypt.com\/fr\/wp-json\/wp\/v2\/media?parent=4452"}],"wp:term":[{"taxonomy":"product_cat","embeddable":true,"href":"https:\/\/www.arkegypt.com\/fr\/wp-json\/wp\/v2\/product_cat?post=4452"},{"taxonomy":"product_tag","embeddable":true,"href":"https:\/\/www.arkegypt.com\/fr\/wp-json\/wp\/v2\/product_tag?post=4452"}],"curies":[{"name":"wp","href":"https:\/\/api.w.org\/{rel}","templated":true}]}}