{"id":4517,"date":"2022-04-10T16:39:53","date_gmt":"2022-04-10T14:39:53","guid":{"rendered":"https:\/\/www.arkegypt.com\/?post_type=product&#038;p=4517"},"modified":"2022-07-02T15:19:37","modified_gmt":"2022-07-02T13:19:37","slug":"secretaire-du-palais-des-tuileries","status":"publish","type":"product","link":"https:\/\/www.arkegypt.com\/fr\/product\/secretaire-du-palais-des-tuileries\/","title":{"rendered":"Secr\u00e9taire du Palais des Tuileries"},"content":{"rendered":"","protected":false},"excerpt":{"rendered":"<p>&#8211; Une secr\u00e9taire prise au Palais des Tuileries appartient \u00e0 l&rsquo;ancienne civilisation fran\u00e7aise<br \/>\n&#8211; Marqueterie complexe de marqueterie de tous les c\u00f4t\u00e9s, motifs floraux \u00e9tonnants et arabesques<br \/>\n&#8211; La surface d&rsquo;\u00e9criture est r\u00e9v\u00e9l\u00e9e via le syst\u00e8me roll top<br \/>\n&#8211; beaucoup de trous de rangement et de tiroirs<br \/>\n&#8211; Super pi\u00e8ce, assez d\u00e9licate donc un gain de place<br \/>\n-Il a \u00e9t\u00e9 fabriqu\u00e9 en bois naturel et fabriqu\u00e9 par l&rsquo;un des artisans les plus qualifi\u00e9s avec des incrustations de placage (balsandres) et des incrustations. Avec l&rsquo;ajout de peintures naturelles qui mettent en valeur la beaut\u00e9 du produit et l&rsquo;incrustation de pi\u00e8ces en cuivre sp\u00e9cialement con\u00e7ues pour lui<\/p>\n<blockquote><p><em><strong>Secr\u00e9taire du Palais des Tuileries<\/strong><\/em><\/p><\/blockquote>\n","protected":false},"featured_media":4508,"comment_status":"open","ping_status":"closed","template":"","meta":{"_mi_skip_tracking":false},"product_cat":[150],"product_tag":[],"class_list":["post-4517","product","type-product","status-publish","has-post-thumbnail","hentry","product_cat-secretaire"],"_links":{"self":[{"href":"https:\/\/www.arkegypt.com\/fr\/wp-json\/wp\/v2\/product\/4517","targetHints":{"allow":["GET"]}}],"collection":[{"href":"https:\/\/www.arkegypt.com\/fr\/wp-json\/wp\/v2\/product"}],"about":[{"href":"https:\/\/www.arkegypt.com\/fr\/wp-json\/wp\/v2\/types\/product"}],"replies":[{"embeddable":true,"href":"https:\/\/www.arkegypt.com\/fr\/wp-json\/wp\/v2\/comments?post=4517"}],"wp:featuredmedia":[{"embeddable":true,"href":"https:\/\/www.arkegypt.com\/fr\/wp-json\/wp\/v2\/media\/4508"}],"wp:attachment":[{"href":"https:\/\/www.arkegypt.com\/fr\/wp-json\/wp\/v2\/media?parent=4517"}],"wp:term":[{"taxonomy":"product_cat","embeddable":true,"href":"https:\/\/www.arkegypt.com\/fr\/wp-json\/wp\/v2\/product_cat?post=4517"},{"taxonomy":"product_tag","embeddable":true,"href":"https:\/\/www.arkegypt.com\/fr\/wp-json\/wp\/v2\/product_tag?post=4517"}],"curies":[{"name":"wp","href":"https:\/\/api.w.org\/{rel}","templated":true}]}}