{"id":4526,"date":"2022-04-10T16:15:34","date_gmt":"2022-04-10T14:15:34","guid":{"rendered":"https:\/\/www.arkegypt.com\/?post_type=product&#038;p=4526"},"modified":"2022-07-02T15:23:59","modified_gmt":"2022-07-02T13:23:59","slug":"bouquet-de-roses-avec-ceinture-rose","status":"publish","type":"product","link":"https:\/\/www.arkegypt.com\/fr\/product\/bouquet-de-roses-avec-ceinture-rose\/","title":{"rendered":"Bouquet de roses avec ceinture rose"},"content":{"rendered":"","protected":false},"excerpt":{"rendered":"<p>\u2013 Un ancien chef-d&rsquo;\u0153uvre d&rsquo;antiquit\u00e9s fran\u00e7aises portant un message artistique de son patrimoine avec un dessin italien de l&rsquo;\u00e9cole de l&rsquo;artiste L\u00e9onard de Vinci<\/p>\n<p>Fabriqu\u00e9 par les artisans les plus qualifi\u00e9s<\/p>\n<p>Ce produit est un design sp\u00e9cial inspir\u00e9 de l&rsquo;art fran\u00e7ais et italien de l&rsquo;Antiquit\u00e9<\/p>\n<p>&#8211; Structure en bois naturel avec toutes les sculptures sur bois et r\u00e9sine ajout\u00e9es avec du marbre naturel, peintures \u00e9cologiques<br \/>\n* Remarque: Le prix est sans miroir<\/p>\n<blockquote><p><em><strong>Bouquet de roses avec ceinture rose<\/strong><\/em><\/p><\/blockquote>\n","protected":false},"featured_media":4523,"comment_status":"open","ping_status":"closed","template":"","meta":{"_mi_skip_tracking":false},"product_cat":[146],"product_tag":[],"class_list":["post-4526","product","type-product","status-publish","has-post-thumbnail","hentry","product_cat-peinte-a-la-main"],"_links":{"self":[{"href":"https:\/\/www.arkegypt.com\/fr\/wp-json\/wp\/v2\/product\/4526","targetHints":{"allow":["GET"]}}],"collection":[{"href":"https:\/\/www.arkegypt.com\/fr\/wp-json\/wp\/v2\/product"}],"about":[{"href":"https:\/\/www.arkegypt.com\/fr\/wp-json\/wp\/v2\/types\/product"}],"replies":[{"embeddable":true,"href":"https:\/\/www.arkegypt.com\/fr\/wp-json\/wp\/v2\/comments?post=4526"}],"wp:featuredmedia":[{"embeddable":true,"href":"https:\/\/www.arkegypt.com\/fr\/wp-json\/wp\/v2\/media\/4523"}],"wp:attachment":[{"href":"https:\/\/www.arkegypt.com\/fr\/wp-json\/wp\/v2\/media?parent=4526"}],"wp:term":[{"taxonomy":"product_cat","embeddable":true,"href":"https:\/\/www.arkegypt.com\/fr\/wp-json\/wp\/v2\/product_cat?post=4526"},{"taxonomy":"product_tag","embeddable":true,"href":"https:\/\/www.arkegypt.com\/fr\/wp-json\/wp\/v2\/product_tag?post=4526"}],"curies":[{"name":"wp","href":"https:\/\/api.w.org\/{rel}","templated":true}]}}