{"id":4640,"date":"2022-04-07T12:21:06","date_gmt":"2022-04-07T10:21:06","guid":{"rendered":"https:\/\/www.arkegypt.com\/?post_type=product&#038;p=4640"},"modified":"2022-06-28T16:58:56","modified_gmt":"2022-06-28T14:58:56","slug":"bureau-de-la-maison-blanche","status":"publish","type":"product","link":"https:\/\/www.arkegypt.com\/fr\/product\/bureau-de-la-maison-blanche\/","title":{"rendered":"Bureau de la maison Blanche"},"content":{"rendered":"","protected":false},"excerpt":{"rendered":"<p>Bureau inspir\u00e9 du bureau de la Maison Blanche avec quelques modifications selon le d\u00e9sir du client avec du bois naturel et des peintures respectueuses de l&rsquo;environnement et ceci est une information sur le bureau d&rsquo;origine<br \/>\nLongue histoire.. Ce que vous ne savez pas sur le bureau en bois des pr\u00e9sidents am\u00e9ricains \u00e0 l&rsquo;int\u00e9rieur de la Maison Blanche!<\/p>\n<p>Ses origines sont britanniques: Le bureau en bois du pr\u00e9sident des \u00c9tats-Unis n&rsquo;a pas \u00e9t\u00e9 fabriqu\u00e9 \u00e0 l&rsquo;int\u00e9rieur des fronti\u00e8res am\u00e9ricaines. C&rsquo;\u00e9tait \u00e0 l&rsquo;origine l&rsquo;une des pi\u00e8ces d&rsquo;un des navires de la Flotte royale britannique, en particulier un navire appel\u00e9 (Sa Majest\u00e9), qui p\u00e8se pr\u00e8s de 600 tonnes, qui a \u00e9t\u00e9 envoy\u00e9 par la reine Victoria en mission de sauvetage au p\u00f4le Nord en 1852 pour retrouver l&rsquo;exp\u00e9dition perdue de Franklin qui a disparu en 1848 lors d&rsquo;un forage dans l&rsquo;Arctique. Apr\u00e8s que la glace se soit multipli\u00e9e sur le navire d&rsquo;une mani\u00e8re qui a paralys\u00e9 son mouvement et l&rsquo;a endommag\u00e9 au milieu de l&rsquo;oc\u00e9an, il a \u00e9t\u00e9 d\u00e9couvert par James Buddington, le capitaine de l&rsquo;un des baleiniers am\u00e9ricains en 1854, et il est retourn\u00e9 sur le sol am\u00e9ricain avec son \u00e9quipage sans aucun probl\u00e8me ni blessure.<\/p>\n<p>Avec le temps: Le sauvetage du navire de la flotte royale britannique \u201cHer Majesty\u201d de l&rsquo;oc\u00e9an gel\u00e9 et sa r\u00e9paration par des ouvriers des chantiers navals am\u00e9ricains, puis envoy\u00e9 au Royaume-Uni avec son \u00e9quipage, ont eu un effet positif sur l&rsquo;apaisement des relations tendues entre les \u00c9tats-Unis d&rsquo;Am\u00e9rique et le Royaume-Uni. La reine Victoria a offert des meubles \u00e0 bord du navire britannique en cadeau \u00e0 la partie am\u00e9ricaine.<\/p>\n<p>R\u00e9compense pour la gentillesse! Apr\u00e8s le d\u00e9part du navire (Sa Majest\u00e9) de la Flotte royale britannique du service en 1879, la Reine a ordonn\u00e9 aux charpentiers les plus qualifi\u00e9s d&rsquo;utiliser le bois du navire pour fabriquer un luxueux bureau en bois sculpt\u00e9 \u00e0 la main, montrant des dessins ex\u00e9cut\u00e9s \u00e0 partir de bois d&rsquo;un homme et d&rsquo;une femme se tenant la main pour symboliser l&rsquo;expression de bonnes relations et de bonnes intentions entre la Reine et le pr\u00e9sident des \u00c9tats-Unis d&rsquo;Am\u00e9rique. Le bureau a \u00e9t\u00e9 envoy\u00e9 aux \u00c9tats-Unis \u00e0 cette \u00e9poque sous le r\u00e8gne de son 19e pr\u00e9sident, Rutherford Hayes en 1880, qui a admir\u00e9 la splendeur du design de bureau en bois orn\u00e9 pour le placer \u00e0 l&rsquo;int\u00e9rieur de son bureau \u00e0 l&rsquo;int\u00e9rieur de la Maison Blanche.<\/p>\n<p>Modification du bureau: Bien qu&rsquo;il n&rsquo;y ait eu aucune modification apport\u00e9e au bureau des pr\u00e9sidents am\u00e9ricains, le pr\u00e9sident am\u00e9ricain Franklin Roosevelt est le seul \u00e0 avoir ajout\u00e9 des panneaux de bois au milieu de celui-ci, qui s&rsquo;ouvrent et se ferment pour cacher ses jambes, car il souffrait de poliomy\u00e9lite<\/p>\n<p>Ses panneaux de bois repr\u00e9sentent l&rsquo;histoire: la porte secr\u00e8te de Roosevelt, qui a \u00e9t\u00e9 ajout\u00e9e pour cacher ses pieds, a \u00e9t\u00e9 brod\u00e9e d&rsquo;un sceau pr\u00e9sidentiel sculpt\u00e9 d&rsquo;un aigle face \u00e0 des fl\u00e8ches, signe de guerre et de pouvoir.<\/p>\n<p>Retour \u00e0 la vie! : Le bureau en bois \u201cR\u00e9solu \u00a0\u00bb a \u00e9t\u00e9 n\u00e9glig\u00e9 et oubli\u00e9 pendant de nombreuses ann\u00e9es, car il a \u00e9t\u00e9 plac\u00e9 dans le placard de la Maison Blanche avant de revenir \u00e0 nouveau pendant le mandat du pr\u00e9sident John F. Kennedy en 1961, \u00e0 la volont\u00e9 de son \u00e9pouse, la Premi\u00e8re Dame Jackie Kennedy, pour redevenir le bureau le plus important \u00e0 l&rsquo;int\u00e9rieur de la Maison Blanche apr\u00e8s une p\u00e9riode de stockage \u00e0 l&rsquo;int\u00e9rieur des magasins.<\/p>\n<p>Capture de photos de famille: Les enfants de Caroline, John Jr. et Kerry Kennedy Le Pr\u00e9sident Kennedy a \u00e9t\u00e9 photographi\u00e9 en train de jouer sous le Bureau pr\u00e9sidentiel en 1962, devenant l&rsquo;une des photographies historiques les plus c\u00e9l\u00e8bres jamais prises du bureau du Pr\u00e9sident des \u00c9tats-Unis d&rsquo;Am\u00e9rique. Caroline, John Jr. et Kerry Kennedy sont souvent vus jouant dans la pi\u00e8ce secr\u00e8te con\u00e7ue pour cacher les pieds de l&rsquo;ancien pr\u00e9sident Roosevelt pendant que John F. Kennedy, alors pr\u00e9sident des \u00c9tats-Unis \u00e0 l&rsquo;\u00e9poque, faisait son travail.<\/p>\n<p>Ce n&rsquo;\u00e9tait pas seulement \u00e0 l&rsquo;int\u00e9rieur du Bureau ovale: le bureau pr\u00e9sidentiel \u201cR\u00e9solu\u201d s&rsquo;est d\u00e9plac\u00e9 \u00e0 plusieurs endroits, et ce n&rsquo;\u00e9tait pas seulement \u00e0 l&rsquo;int\u00e9rieur du Bureau Ovale tout le temps. Avant cela, il \u00e9tait utilis\u00e9 lors d&rsquo;\u00e9missions de radio et de t\u00e9l\u00e9vision pendant la pr\u00e9sidence du pr\u00e9sident Eisenhower en 1952, lorsque le bureau a \u00e9t\u00e9 d\u00e9plac\u00e9 dans la salle de diffusion au rez-de-chauss\u00e9e.<\/p>\n<p>De retour: Le pr\u00e9sident am\u00e9ricain Jimmy Carter a exig\u00e9 que le Bureau pr\u00e9sidentiel du R\u00e9solu \u201cretourne au Bureau ovale \u00e0 l&rsquo;int\u00e9rieur de la Maison Blanche, et le bureau principal de Ronald Reagan, Bill Clinton, George W. Bush et Barack Obama \u00e9tait<\/p>\n<p>George HW Bush: Le pr\u00e9sident George HW Bush n&rsquo;a pas utilis\u00e9 le bureau \u201cR\u00e9solu\u201d pour retourner dans les entrep\u00f4ts de la Maison Blanche. Bush P\u00e8re a pr\u00e9f\u00e9r\u00e9 utiliser un bureau en noyer simple et sans ornement qu&rsquo;il a appel\u00e9 \u00ab\u00a0C + O Desk\u00a0\u00bb et c&rsquo;\u00e9tait l&rsquo;un des meubles qui existaient \u00e0 l&rsquo;int\u00e9rieur de l&rsquo;Ohio Company Railroad en 1920 avant que la soci\u00e9t\u00e9 ne l&rsquo;attribue plus tard \u00e0 la Maison Blanche.<\/p>\n<p>Gravure \u00e0 l&rsquo;encre: Tout comme les \u00e9meutiers le font sur les bureaux d&rsquo;\u00e9tude, Dick Cheney, vice-pr\u00e9sident de George W. Bush, a inscrit son nom sur l&rsquo;un des tiroirs sup\u00e9rieurs du bureau pr\u00e9sidentiel \u201cResolute\u201d avant de quitter ses fonctions.<\/p>\n<p>Les pieds d&rsquo;Obama: Pendant sa pr\u00e9sidence, Obama a soulev\u00e9 beaucoup de r\u00e9serves en raison des images sur lesquelles il semblait poser les pieds sur le bureau pr\u00e9sidentiel \u201cR\u00e9solu\u201d, et de la grande valeur historique qu&rsquo;il contient pour les Am\u00e9ricains. Ces images ont suscit\u00e9 de nombreuses critiques de la presse \u00e0 l&rsquo;encontre de l&rsquo;ancien pr\u00e9sident am\u00e9ricain.<\/p>\n<p>Pas le seul bureau: En fait, la reine britannique n&rsquo;a pas offert un seul bureau en bois, mais il y avait 3 bureaux, o\u00f9 le deuxi\u00e8me bureau \u00e9tait beaucoup plus petit par rapport au premier bureau et \u00e9tait plac\u00e9 dans le Royal Naval Museum depuis les ann\u00e9es quatre-vingt, tandis que le troisi\u00e8me bureau \u00e9tait connu sous le nom de \u201cBureau de la Reine Victoria\u201d ou \u201cBureau de la Reine Victoria\u201d ou \u201cBureau de la Reine Victoria\u201d Grinnell, un bureau pour dames, \u00e9tait un cadeau de la Reine \u00e0 la veuve de Henry Grinnell en reconnaissance de ses efforts dans la recherche sur l&rsquo;exp\u00e9dition de Franklin.<\/p>\n<p>Il n&rsquo;y a pas de pi\u00e8ces secr\u00e8tes: Comme ce qui s&rsquo;est pass\u00e9 dans le c\u00e9l\u00e8bre film am\u00e9ricain \u201cNational Treasure\u201d, mettant en vedette l&rsquo;acteur v\u00e9t\u00e9ran Nicholas Cage, beaucoup pensent que le bureau pr\u00e9sidentiel contient des boutons secrets qui ouvrent des portes cach\u00e9es \u00e0 l&rsquo;int\u00e9rieur du Bureau Ovale, mais malheureusement il n&rsquo;y a pas de telles choses en r\u00e9alit\u00e9 et il n&rsquo;y a pas de portes secr\u00e8tes derri\u00e8re les peintures accroch\u00e9es aux murs \u00e0 l&rsquo;int\u00e9rieur du Bureau Blanc.<\/p>\n","protected":false},"featured_media":4617,"comment_status":"open","ping_status":"closed","template":"","meta":{"_mi_skip_tracking":false},"product_cat":[149],"product_tag":[],"class_list":["post-4640","product","type-product","status-publish","has-post-thumbnail","hentry","product_cat-bureau"],"_links":{"self":[{"href":"https:\/\/www.arkegypt.com\/fr\/wp-json\/wp\/v2\/product\/4640","targetHints":{"allow":["GET"]}}],"collection":[{"href":"https:\/\/www.arkegypt.com\/fr\/wp-json\/wp\/v2\/product"}],"about":[{"href":"https:\/\/www.arkegypt.com\/fr\/wp-json\/wp\/v2\/types\/product"}],"replies":[{"embeddable":true,"href":"https:\/\/www.arkegypt.com\/fr\/wp-json\/wp\/v2\/comments?post=4640"}],"wp:featuredmedia":[{"embeddable":true,"href":"https:\/\/www.arkegypt.com\/fr\/wp-json\/wp\/v2\/media\/4617"}],"wp:attachment":[{"href":"https:\/\/www.arkegypt.com\/fr\/wp-json\/wp\/v2\/media?parent=4640"}],"wp:term":[{"taxonomy":"product_cat","embeddable":true,"href":"https:\/\/www.arkegypt.com\/fr\/wp-json\/wp\/v2\/product_cat?post=4640"},{"taxonomy":"product_tag","embeddable":true,"href":"https:\/\/www.arkegypt.com\/fr\/wp-json\/wp\/v2\/product_tag?post=4640"}],"curies":[{"name":"wp","href":"https:\/\/api.w.org\/{rel}","templated":true}]}}