{"id":4663,"date":"2022-04-06T12:02:23","date_gmt":"2022-04-06T10:02:23","guid":{"rendered":"https:\/\/www.arkegypt.com\/?post_type=product&#038;p=4663"},"modified":"2022-07-02T16:37:11","modified_gmt":"2022-07-02T14:37:11","slug":"base-de-miroir-du-palais-francais-base-de-miroir-tiree-dun-palais-francais-77-x-40-x-20","status":"publish","type":"product","link":"https:\/\/www.arkegypt.com\/fr\/product\/base-de-miroir-du-palais-francais-base-de-miroir-tiree-dun-palais-francais-77-x-40-x-20\/","title":{"rendered":"(Base de miroir du palais fran\u00e7ais) Base de miroir tir\u00e9e d&rsquo;un palais fran\u00e7ais 77 x 40 x 20"},"content":{"rendered":"","protected":false},"excerpt":{"rendered":"<p>&#8211; Une base de miroir tir\u00e9e d&rsquo;un palais fran\u00e7ais avec une forme unique qui est in\u00e9gal\u00e9e<\/p>\n<p>&#8211; Fabriqu\u00e9 par les artisans les plus qualifi\u00e9s de l&rsquo;industrie artisanale<\/p>\n<p>-Cet \u00e9l\u00e9ment est inspir\u00e9 des palais fran\u00e7ais et de l&rsquo;art ancien fran\u00e7ais classique<\/p>\n<p>\u2013 Ce produit est un design sp\u00e9cial inspir\u00e9 de l&rsquo;art fran\u00e7ais et de l&rsquo;antiquit\u00e9<\/p>\n<p>&#8211; Un miroir joyeux et \u00e9l\u00e9gant qui donne l&rsquo;impression d&rsquo;\u00eatre dans un palais fran\u00e7ais du XVIIIe si\u00e8cle<\/p>\n<p>&#8211; Dimensions 77 x 40 x 20 structure en bois naturel avec l&rsquo;ajout de tous les travaux de gravure sur bois, r\u00e9sine et peintures respectueuses de l&rsquo;environnement<\/p>\n<blockquote><p><em><strong>(Base de miroir du palais fran\u00e7ais) Base de miroir tir\u00e9e d&rsquo;un palais fran\u00e7ais<\/strong><\/em><\/p><\/blockquote>\n","protected":false},"featured_media":4660,"comment_status":"open","ping_status":"closed","template":"","meta":{"_mi_skip_tracking":false},"product_cat":[147],"product_tag":[],"class_list":["post-4663","product","type-product","status-publish","has-post-thumbnail","hentry","product_cat-miroiter"],"_links":{"self":[{"href":"https:\/\/www.arkegypt.com\/fr\/wp-json\/wp\/v2\/product\/4663","targetHints":{"allow":["GET"]}}],"collection":[{"href":"https:\/\/www.arkegypt.com\/fr\/wp-json\/wp\/v2\/product"}],"about":[{"href":"https:\/\/www.arkegypt.com\/fr\/wp-json\/wp\/v2\/types\/product"}],"replies":[{"embeddable":true,"href":"https:\/\/www.arkegypt.com\/fr\/wp-json\/wp\/v2\/comments?post=4663"}],"wp:featuredmedia":[{"embeddable":true,"href":"https:\/\/www.arkegypt.com\/fr\/wp-json\/wp\/v2\/media\/4660"}],"wp:attachment":[{"href":"https:\/\/www.arkegypt.com\/fr\/wp-json\/wp\/v2\/media?parent=4663"}],"wp:term":[{"taxonomy":"product_cat","embeddable":true,"href":"https:\/\/www.arkegypt.com\/fr\/wp-json\/wp\/v2\/product_cat?post=4663"},{"taxonomy":"product_tag","embeddable":true,"href":"https:\/\/www.arkegypt.com\/fr\/wp-json\/wp\/v2\/product_tag?post=4663"}],"curies":[{"name":"wp","href":"https:\/\/api.w.org\/{rel}","templated":true}]}}